{"id":13214,"date":"2023-02-13T09:51:46","date_gmt":"2023-02-13T09:51:46","guid":{"rendered":"https:\/\/laimincom.ee\/?post_type=product&#038;p=13214"},"modified":"2024-03-04T12:45:46","modified_gmt":"2024-03-04T12:45:46","slug":"sep-hoidik-sedelihoidikule-4070-mm-kopeeri","status":"publish","type":"product","link":"https:\/\/laimincom.ee\/et\/toode\/sep-hoidik-sedelihoidikule-4070-mm-kopeeri\/","title":{"rendered":"SEP hoidik sedelihoidikule 40*70 mm"},"content":{"rendered":"<p>\u00dchepoolne (va l\u00e4bipaistva tasku puhul) hoidik kaitseb silte ja lisab tugevust. Koosneb kahest osast, \u00fclemisest osast (taskust) ja alumisest l\u00e4bipaistvast osast (PVC kinnitusribast).<\/p>","protected":false},"excerpt":{"rendered":"<p>Valmistame vastavalt soovitud m\u00f5\u00f5tudele ja v\u00e4rvile.<\/p>\n<p>Tasku on alt avatav ning v\u00f5imalik valida erinevate k\u00f5rguste vahel: 32, 40, 52 ja 60 mm. Valikus on erinevat v\u00e4rvi (sh l\u00e4bipaistev) taskuid. Alumine PVC osa, mida on mugav sedelihoidiku vahele libistada. K\u00f5rgus vastavalt soovile.<\/p>\n<p>Populaarsed suurused 40 x 60 mm and 40 x 100 mm.<\/p>","protected":false},"featured_media":916,"template":"","meta":{"om_disable_all_campaigns":false,"inline_featured_image":false},"product_cat":[64],"product_tag":[],"class_list":{"0":"post-13214","1":"product","2":"type-product","3":"status-publish","4":"has-post-thumbnail","6":"product_cat-information-holders","9":"first","10":"onbackorder","11":"taxable","12":"shipping-taxable","13":"purchasable","14":"product-type-simple"},"_links":{"self":[{"href":"https:\/\/laimincom.ee\/et\/wp-json\/wp\/v2\/product\/13214","targetHints":{"allow":["GET"]}}],"collection":[{"href":"https:\/\/laimincom.ee\/et\/wp-json\/wp\/v2\/product"}],"about":[{"href":"https:\/\/laimincom.ee\/et\/wp-json\/wp\/v2\/types\/product"}],"wp:featuredmedia":[{"embeddable":true,"href":"https:\/\/laimincom.ee\/et\/wp-json\/wp\/v2\/media\/916"}],"wp:attachment":[{"href":"https:\/\/laimincom.ee\/et\/wp-json\/wp\/v2\/media?parent=13214"}],"wp:term":[{"taxonomy":"product_cat","embeddable":true,"href":"https:\/\/laimincom.ee\/et\/wp-json\/wp\/v2\/product_cat?post=13214"},{"taxonomy":"product_tag","embeddable":true,"href":"https:\/\/laimincom.ee\/et\/wp-json\/wp\/v2\/product_tag?post=13214"}],"curies":[{"name":"wp","href":"https:\/\/api.w.org\/{rel}","templated":true}]}}