{"id":13081,"date":"2023-02-03T13:54:58","date_gmt":"2023-02-03T13:54:58","guid":{"rendered":"https:\/\/laimincom.ee\/toode\/upright-menuholder-acrylic-a4\/"},"modified":"2024-01-18T10:51:47","modified_gmt":"2024-01-18T10:51:47","slug":"upright-menuholder-acrylic-a4","status":"publish","type":"product","link":"https:\/\/laimincom.ee\/et\/toode\/upright-menuholder-acrylic-a4\/","title":{"rendered":"P\u00fcstine men\u00fc\u00fchoidja, akr\u00fc\u00fclist, A4"},"content":{"rendered":"<p>\u00dcksikasjalik juhend ja kirjeldus <a href=\"https:\/\/laimincom.ee\/wp-content\/uploads\/2023\/01\/TG-1228.pdf\">siit<\/a><\/p>","protected":false},"excerpt":{"rendered":"<p>Nutikas kahepoolne l\u00e4bipaistvast akr\u00fc\u00fclist men\u00fc\u00fchoidja. Vabalt seisev.<\/p>","protected":false},"featured_media":7513,"template":"","meta":{"om_disable_all_campaigns":false,"inline_featured_image":false},"product_cat":[1285],"product_tag":[],"class_list":{"0":"post-13081","1":"product","2":"type-product","3":"status-publish","4":"has-post-thumbnail","6":"product_cat-upright-leaflet-menuholder","9":"first","10":"onbackorder","11":"taxable","12":"shipping-taxable","13":"purchasable","14":"product-type-simple"},"_links":{"self":[{"href":"https:\/\/laimincom.ee\/et\/wp-json\/wp\/v2\/product\/13081","targetHints":{"allow":["GET"]}}],"collection":[{"href":"https:\/\/laimincom.ee\/et\/wp-json\/wp\/v2\/product"}],"about":[{"href":"https:\/\/laimincom.ee\/et\/wp-json\/wp\/v2\/types\/product"}],"wp:featuredmedia":[{"embeddable":true,"href":"https:\/\/laimincom.ee\/et\/wp-json\/wp\/v2\/media\/7513"}],"wp:attachment":[{"href":"https:\/\/laimincom.ee\/et\/wp-json\/wp\/v2\/media?parent=13081"}],"wp:term":[{"taxonomy":"product_cat","embeddable":true,"href":"https:\/\/laimincom.ee\/et\/wp-json\/wp\/v2\/product_cat?post=13081"},{"taxonomy":"product_tag","embeddable":true,"href":"https:\/\/laimincom.ee\/et\/wp-json\/wp\/v2\/product_tag?post=13081"}],"curies":[{"name":"wp","href":"https:\/\/api.w.org\/{rel}","templated":true}]}}