{"id":13076,"date":"2023-02-03T13:54:58","date_gmt":"2023-02-03T13:54:58","guid":{"rendered":"https:\/\/laimincom.ee\/toode\/triangle-menuholder-acrylic-3-x-m65\/"},"modified":"2024-01-18T10:50:58","modified_gmt":"2024-01-18T10:50:58","slug":"triangle-menuholder-acrylic-3-x-m65","status":"publish","type":"product","link":"https:\/\/laimincom.ee\/et\/toode\/triangle-menuholder-acrylic-3-x-m65\/","title":{"rendered":"Kolmnurkne men\u00fc\u00fchoidja, akr\u00fc\u00fclist 3xM65"},"content":{"rendered":"<p>\u00dcksikasjalik juhend ja kirjeldus <a href=\"https:\/\/laimincom.ee\/wp-content\/uploads\/2023\/01\/TG-1239.pdf\">siit<\/a><\/p>","protected":false},"excerpt":{"rendered":"<p>Men\u00fc\u00fchoidik Kolmnurk 3x M65 tr\u00fckise jaoks 2 mm paksusest akr\u00fc\u00fclist.<\/p>","protected":false},"featured_media":7551,"template":"","meta":{"om_disable_all_campaigns":false,"inline_featured_image":false},"product_cat":[1283],"product_tag":[],"class_list":{"0":"post-13076","1":"product","2":"type-product","3":"status-publish","4":"has-post-thumbnail","6":"product_cat-triangle-menuholder-3xm65","9":"first","10":"onbackorder","11":"taxable","12":"shipping-taxable","13":"purchasable","14":"product-type-simple"},"_links":{"self":[{"href":"https:\/\/laimincom.ee\/et\/wp-json\/wp\/v2\/product\/13076","targetHints":{"allow":["GET"]}}],"collection":[{"href":"https:\/\/laimincom.ee\/et\/wp-json\/wp\/v2\/product"}],"about":[{"href":"https:\/\/laimincom.ee\/et\/wp-json\/wp\/v2\/types\/product"}],"wp:featuredmedia":[{"embeddable":true,"href":"https:\/\/laimincom.ee\/et\/wp-json\/wp\/v2\/media\/7551"}],"wp:attachment":[{"href":"https:\/\/laimincom.ee\/et\/wp-json\/wp\/v2\/media?parent=13076"}],"wp:term":[{"taxonomy":"product_cat","embeddable":true,"href":"https:\/\/laimincom.ee\/et\/wp-json\/wp\/v2\/product_cat?post=13076"},{"taxonomy":"product_tag","embeddable":true,"href":"https:\/\/laimincom.ee\/et\/wp-json\/wp\/v2\/product_tag?post=13076"}],"curies":[{"name":"wp","href":"https:\/\/api.w.org\/{rel}","templated":true}]}}