{"id":13062,"date":"2023-02-03T13:54:56","date_gmt":"2023-02-03T13:54:56","guid":{"rendered":"https:\/\/laimincom.ee\/toode\/t-menuholder-horizontal-acrylic-a8\/"},"modified":"2024-01-18T10:51:00","modified_gmt":"2024-01-18T10:51:00","slug":"t-menuholder-horizontal-acrylic-a8","status":"publish","type":"product","link":"https:\/\/laimincom.ee\/et\/toode\/t-menuholder-horizontal-acrylic-a8\/","title":{"rendered":"T-kujuline men\u00fc\u00fchoidja,Hor., akr\u00fc\u00fclist, A8"},"content":{"rendered":"<p>\u00dcksikasjalik juhend ja kirjeldus <a href=\"https:\/\/laimincom.ee\/wp-content\/uploads\/2023\/01\/TG-1226.pdf\">siit<\/a><\/p>","protected":false},"excerpt":{"rendered":"<p>L\u00e4bipaistvast akr\u00fc\u00fclmaterjalist men\u00fc\u00fchoidja. Vabalt seisev, horisontaalne.<\/p>","protected":false},"featured_media":7546,"template":"","meta":{"om_disable_all_campaigns":false,"inline_featured_image":false},"product_cat":[1281],"product_tag":[],"class_list":{"0":"post-13062","1":"product","2":"type-product","3":"status-publish","4":"has-post-thumbnail","6":"product_cat-t-menuholder-horizontal","9":"first","10":"onbackorder","11":"taxable","12":"shipping-taxable","13":"purchasable","14":"product-type-simple"},"_links":{"self":[{"href":"https:\/\/laimincom.ee\/et\/wp-json\/wp\/v2\/product\/13062","targetHints":{"allow":["GET"]}}],"collection":[{"href":"https:\/\/laimincom.ee\/et\/wp-json\/wp\/v2\/product"}],"about":[{"href":"https:\/\/laimincom.ee\/et\/wp-json\/wp\/v2\/types\/product"}],"wp:featuredmedia":[{"embeddable":true,"href":"https:\/\/laimincom.ee\/et\/wp-json\/wp\/v2\/media\/7546"}],"wp:attachment":[{"href":"https:\/\/laimincom.ee\/et\/wp-json\/wp\/v2\/media?parent=13062"}],"wp:term":[{"taxonomy":"product_cat","embeddable":true,"href":"https:\/\/laimincom.ee\/et\/wp-json\/wp\/v2\/product_cat?post=13062"},{"taxonomy":"product_tag","embeddable":true,"href":"https:\/\/laimincom.ee\/et\/wp-json\/wp\/v2\/product_tag?post=13062"}],"curies":[{"name":"wp","href":"https:\/\/api.w.org\/{rel}","templated":true}]}}