{"id":13060,"date":"2023-02-03T13:54:55","date_gmt":"2023-02-03T13:54:55","guid":{"rendered":"https:\/\/laimincom.ee\/toode\/swing-wing-horizontal-alu-base-with-a5-acrylic-holder\/"},"modified":"2024-01-18T10:51:00","modified_gmt":"2024-01-18T10:51:00","slug":"swing-wing-horizontal-alu-base-with-a5-acrylic-holder","status":"publish","type":"product","link":"https:\/\/laimincom.ee\/et\/toode\/swing-wing-horizontal-alu-base-with-a5-acrylic-holder\/","title":{"rendered":"Swing Wing, horizontal, alu base with A5 acrylic holder"},"content":{"rendered":"<p>\u00dcksikasjalik juhend ja kirjeldus <a href=\"https:\/\/laimincom.ee\/wp-content\/uploads\/2023\/01\/TG-1240.pdf\">siit<\/a><\/p>","protected":false},"excerpt":{"rendered":"<p>L\u00e4bipaistvast akr\u00fc\u00fclmaterjalist men\u00fc\u00fchoidja.<\/p>","protected":false},"featured_media":7692,"template":"","meta":{"om_disable_all_campaigns":false,"inline_featured_image":false},"product_cat":[1279],"product_tag":[],"class_list":{"0":"post-13060","1":"product","2":"type-product","3":"status-publish","4":"has-post-thumbnail","6":"product_cat-swingwing-horizontal","9":"first","10":"onbackorder","11":"taxable","12":"shipping-taxable","13":"purchasable","14":"product-type-simple"},"_links":{"self":[{"href":"https:\/\/laimincom.ee\/et\/wp-json\/wp\/v2\/product\/13060","targetHints":{"allow":["GET"]}}],"collection":[{"href":"https:\/\/laimincom.ee\/et\/wp-json\/wp\/v2\/product"}],"about":[{"href":"https:\/\/laimincom.ee\/et\/wp-json\/wp\/v2\/types\/product"}],"wp:featuredmedia":[{"embeddable":true,"href":"https:\/\/laimincom.ee\/et\/wp-json\/wp\/v2\/media\/7692"}],"wp:attachment":[{"href":"https:\/\/laimincom.ee\/et\/wp-json\/wp\/v2\/media?parent=13060"}],"wp:term":[{"taxonomy":"product_cat","embeddable":true,"href":"https:\/\/laimincom.ee\/et\/wp-json\/wp\/v2\/product_cat?post=13060"},{"taxonomy":"product_tag","embeddable":true,"href":"https:\/\/laimincom.ee\/et\/wp-json\/wp\/v2\/product_tag?post=13060"}],"curies":[{"name":"wp","href":"https:\/\/api.w.org\/{rel}","templated":true}]}}