{"id":13052,"date":"2023-02-03T13:54:54","date_gmt":"2023-02-03T13:54:54","guid":{"rendered":"https:\/\/laimincom.ee\/toode\/swingwing-vertical-a5-acrylic-pocket\/"},"modified":"2024-01-18T10:50:25","modified_gmt":"2024-01-18T10:50:25","slug":"swingwing-vertical-a5-acrylic-pocket","status":"publish","type":"product","link":"https:\/\/laimincom.ee\/et\/toode\/swingwing-vertical-a5-acrylic-pocket\/","title":{"rendered":"SwingWing, vertical A5 acrylic pocket"},"content":{"rendered":"<p>\u00dcksikasjalik juhend ja kirjeldus <a href=\"https:\/\/laimincom.ee\/wp-content\/uploads\/2023\/01\/TG-1244.pdf\">siit<\/a><\/p>","protected":false},"excerpt":{"rendered":"<p>Painutatud akr\u00fc\u00fclist hoidik. \u00dchildub mudeliga 1242.<\/p>","protected":false},"featured_media":7725,"template":"","meta":{"om_disable_all_campaigns":false,"inline_featured_image":false},"product_cat":[1278],"product_tag":[],"class_list":{"0":"post-13052","1":"product","2":"type-product","3":"status-publish","4":"has-post-thumbnail","6":"product_cat-swingwing-acrylic","9":"first","10":"onbackorder","11":"taxable","12":"shipping-taxable","13":"purchasable","14":"product-type-simple"},"_links":{"self":[{"href":"https:\/\/laimincom.ee\/et\/wp-json\/wp\/v2\/product\/13052","targetHints":{"allow":["GET"]}}],"collection":[{"href":"https:\/\/laimincom.ee\/et\/wp-json\/wp\/v2\/product"}],"about":[{"href":"https:\/\/laimincom.ee\/et\/wp-json\/wp\/v2\/types\/product"}],"wp:featuredmedia":[{"embeddable":true,"href":"https:\/\/laimincom.ee\/et\/wp-json\/wp\/v2\/media\/7725"}],"wp:attachment":[{"href":"https:\/\/laimincom.ee\/et\/wp-json\/wp\/v2\/media?parent=13052"}],"wp:term":[{"taxonomy":"product_cat","embeddable":true,"href":"https:\/\/laimincom.ee\/et\/wp-json\/wp\/v2\/product_cat?post=13052"},{"taxonomy":"product_tag","embeddable":true,"href":"https:\/\/laimincom.ee\/et\/wp-json\/wp\/v2\/product_tag?post=13052"}],"curies":[{"name":"wp","href":"https:\/\/api.w.org\/{rel}","templated":true}]}}