{"id":13041,"date":"2023-02-03T13:54:53","date_gmt":"2023-02-03T13:54:53","guid":{"rendered":"https:\/\/laimincom.ee\/toode\/rocket-menuholder-with-black-base-and-a5-acrylic-pocket\/"},"modified":"2024-01-18T10:50:27","modified_gmt":"2024-01-18T10:50:27","slug":"rocket-menuholder-with-black-base-and-a5-acrylic-pocket","status":"publish","type":"product","link":"https:\/\/laimincom.ee\/et\/toode\/rocket-menuholder-with-black-base-and-a5-acrylic-pocket\/","title":{"rendered":"Rocket men\u00fc\u00fchoidja, A5, alus musta v\u00e4rvi"},"content":{"rendered":"<p>\u00dcksikasjalik juhend ja kirjeldus <a href=\"https:\/\/laimincom.ee\/wp-content\/uploads\/2023\/01\/TG-1234.pdf\">siit<\/a><\/p>","protected":false},"excerpt":{"rendered":"<p>L\u00e4bipaistvast akr\u00fc\u00fclist 2-osaline men\u00fc\u00fchoidik. Kena disainiga h\u00f5bedase v\u00f5i musta v\u00e4rvi plastikjalg, kus on ruumi logo v\u00f5i tr\u00fcki jaoks.<\/p>","protected":false},"featured_media":7520,"template":"","meta":{"om_disable_all_campaigns":false,"inline_featured_image":false},"product_cat":[1276],"product_tag":[],"class_list":{"0":"post-13041","1":"product","2":"type-product","3":"status-publish","4":"has-post-thumbnail","6":"product_cat-rocket-menuholder","9":"first","10":"onbackorder","11":"taxable","12":"shipping-taxable","13":"purchasable","14":"product-type-simple"},"_links":{"self":[{"href":"https:\/\/laimincom.ee\/et\/wp-json\/wp\/v2\/product\/13041","targetHints":{"allow":["GET"]}}],"collection":[{"href":"https:\/\/laimincom.ee\/et\/wp-json\/wp\/v2\/product"}],"about":[{"href":"https:\/\/laimincom.ee\/et\/wp-json\/wp\/v2\/types\/product"}],"wp:featuredmedia":[{"embeddable":true,"href":"https:\/\/laimincom.ee\/et\/wp-json\/wp\/v2\/media\/7520"}],"wp:attachment":[{"href":"https:\/\/laimincom.ee\/et\/wp-json\/wp\/v2\/media?parent=13041"}],"wp:term":[{"taxonomy":"product_cat","embeddable":true,"href":"https:\/\/laimincom.ee\/et\/wp-json\/wp\/v2\/product_cat?post=13041"},{"taxonomy":"product_tag","embeddable":true,"href":"https:\/\/laimincom.ee\/et\/wp-json\/wp\/v2\/product_tag?post=13041"}],"curies":[{"name":"wp","href":"https:\/\/api.w.org\/{rel}","templated":true}]}}