{"id":13037,"date":"2023-02-03T13:54:53","date_gmt":"2023-02-03T13:54:53","guid":{"rendered":"https:\/\/laimincom.ee\/toode\/quadro-menuholder-acrylic-4-x-m65\/"},"modified":"2024-01-18T10:50:27","modified_gmt":"2024-01-18T10:50:27","slug":"quadro-menuholder-acrylic-4-x-m65","status":"publish","type":"product","link":"https:\/\/laimincom.ee\/et\/toode\/quadro-menuholder-acrylic-4-x-m65\/","title":{"rendered":"Nelinurkne men\u00fc\u00fchoidja, akr\u00fc\u00fclist, 4xM65"},"content":{"rendered":"<p>\u00dcksikasjalik juhend ja kirjeldus <a href=\"https:\/\/laimincom.ee\/wp-content\/uploads\/2023\/01\/TG-1231.pdf\">siit<\/a><\/p>","protected":false},"excerpt":{"rendered":"<p>Men\u00fc\u00fchoidik Quadro 4x M65 tr\u00fckisele 2 mm paksusest akr\u00fc\u00fclist.     <\/p>","protected":false},"featured_media":7552,"template":"","meta":{"om_disable_all_campaigns":false,"inline_featured_image":false},"product_cat":[1275],"product_tag":[],"class_list":{"0":"post-13037","1":"product","2":"type-product","3":"status-publish","4":"has-post-thumbnail","6":"product_cat-quadro-menuholder","9":"first","10":"onbackorder","11":"taxable","12":"shipping-taxable","13":"purchasable","14":"product-type-simple"},"_links":{"self":[{"href":"https:\/\/laimincom.ee\/et\/wp-json\/wp\/v2\/product\/13037","targetHints":{"allow":["GET"]}}],"collection":[{"href":"https:\/\/laimincom.ee\/et\/wp-json\/wp\/v2\/product"}],"about":[{"href":"https:\/\/laimincom.ee\/et\/wp-json\/wp\/v2\/types\/product"}],"wp:featuredmedia":[{"embeddable":true,"href":"https:\/\/laimincom.ee\/et\/wp-json\/wp\/v2\/media\/7552"}],"wp:attachment":[{"href":"https:\/\/laimincom.ee\/et\/wp-json\/wp\/v2\/media?parent=13037"}],"wp:term":[{"taxonomy":"product_cat","embeddable":true,"href":"https:\/\/laimincom.ee\/et\/wp-json\/wp\/v2\/product_cat?post=13037"},{"taxonomy":"product_tag","embeddable":true,"href":"https:\/\/laimincom.ee\/et\/wp-json\/wp\/v2\/product_tag?post=13037"}],"curies":[{"name":"wp","href":"https:\/\/api.w.org\/{rel}","templated":true}]}}