{"id":13029,"date":"2023-02-03T13:54:51","date_gmt":"2023-02-03T13:54:51","guid":{"rendered":"https:\/\/laimincom.ee\/toode\/oval-leaflet-menuholder-acrylic-a6\/"},"modified":"2024-01-18T10:49:09","modified_gmt":"2024-01-18T10:49:09","slug":"oval-leaflet-menuholder-acrylic-a6","status":"publish","type":"product","link":"https:\/\/laimincom.ee\/et\/toode\/oval-leaflet-menuholder-acrylic-a6\/","title":{"rendered":"Ovaalne men\u00fc\u00fchoidja, akr\u00fc\u00fclist, A6"},"content":{"rendered":"<p>\u00dcksikasjalik juhend ja kirjeldus <a href=\"https:\/\/laimincom.ee\/wp-content\/uploads\/2023\/01\/TG-1227.pdf\">siit<\/a><\/p>","protected":false},"excerpt":{"rendered":"<p>V\u00e4ga m\u00f5nus kahepoolne l\u00e4bipaistvast akr\u00fc\u00fclist men\u00fc\u00fchoidja. Vabalt seisev ovaalsel alusel. Tarnitakse kokkupanduna.<\/p>","protected":false},"featured_media":7539,"template":"","meta":{"om_disable_all_campaigns":false,"inline_featured_image":false},"product_cat":[1273],"product_tag":[],"class_list":{"0":"post-13029","1":"product","2":"type-product","3":"status-publish","4":"has-post-thumbnail","6":"product_cat-oval-leaflet-menuholder","9":"first","10":"onbackorder","11":"taxable","12":"shipping-taxable","13":"purchasable","14":"product-type-simple"},"_links":{"self":[{"href":"https:\/\/laimincom.ee\/et\/wp-json\/wp\/v2\/product\/13029","targetHints":{"allow":["GET"]}}],"collection":[{"href":"https:\/\/laimincom.ee\/et\/wp-json\/wp\/v2\/product"}],"about":[{"href":"https:\/\/laimincom.ee\/et\/wp-json\/wp\/v2\/types\/product"}],"wp:featuredmedia":[{"embeddable":true,"href":"https:\/\/laimincom.ee\/et\/wp-json\/wp\/v2\/media\/7539"}],"wp:attachment":[{"href":"https:\/\/laimincom.ee\/et\/wp-json\/wp\/v2\/media?parent=13029"}],"wp:term":[{"taxonomy":"product_cat","embeddable":true,"href":"https:\/\/laimincom.ee\/et\/wp-json\/wp\/v2\/product_cat?post=13029"},{"taxonomy":"product_tag","embeddable":true,"href":"https:\/\/laimincom.ee\/et\/wp-json\/wp\/v2\/product_tag?post=13029"}],"curies":[{"name":"wp","href":"https:\/\/api.w.org\/{rel}","templated":true}]}}