{"id":13028,"date":"2023-02-03T13:54:51","date_gmt":"2023-02-03T13:54:51","guid":{"rendered":"https:\/\/laimincom.ee\/toode\/menuholder-with-legs-acrylic-alu-a4\/"},"modified":"2024-01-18T10:49:09","modified_gmt":"2024-01-18T10:49:09","slug":"menuholder-with-legs-acrylic-alu-a4","status":"publish","type":"product","link":"https:\/\/laimincom.ee\/et\/toode\/menuholder-with-legs-acrylic-alu-a4\/","title":{"rendered":"Men\u00fc\u00fchoidja tugijalgadega, A4"},"content":{"rendered":"<p>\u00dcksikasjalik juhend ja kirjeldus <a href=\"https:\/\/laimincom.ee\/wp-content\/uploads\/2023\/01\/TG-1249.pdf\">siit<\/a><\/p>","protected":false},"excerpt":{"rendered":"<p>Akr\u00fc\u00fclist men\u00fc\u00fchoidja alumiiniumjalgadega. Saadaval M65, A5 ja A4 formaadis.    <\/p>","protected":false},"featured_media":7581,"template":"","meta":{"om_disable_all_campaigns":false,"inline_featured_image":false},"product_cat":[1272],"product_tag":[],"class_list":{"0":"post-13028","1":"product","2":"type-product","3":"status-publish","4":"has-post-thumbnail","6":"product_cat-menuholder-with-legs","9":"first","10":"onbackorder","11":"taxable","12":"shipping-taxable","13":"purchasable","14":"product-type-simple"},"_links":{"self":[{"href":"https:\/\/laimincom.ee\/et\/wp-json\/wp\/v2\/product\/13028","targetHints":{"allow":["GET"]}}],"collection":[{"href":"https:\/\/laimincom.ee\/et\/wp-json\/wp\/v2\/product"}],"about":[{"href":"https:\/\/laimincom.ee\/et\/wp-json\/wp\/v2\/types\/product"}],"wp:featuredmedia":[{"embeddable":true,"href":"https:\/\/laimincom.ee\/et\/wp-json\/wp\/v2\/media\/7581"}],"wp:attachment":[{"href":"https:\/\/laimincom.ee\/et\/wp-json\/wp\/v2\/media?parent=13028"}],"wp:term":[{"taxonomy":"product_cat","embeddable":true,"href":"https:\/\/laimincom.ee\/et\/wp-json\/wp\/v2\/product_cat?post=13028"},{"taxonomy":"product_tag","embeddable":true,"href":"https:\/\/laimincom.ee\/et\/wp-json\/wp\/v2\/product_tag?post=13028"}],"curies":[{"name":"wp","href":"https:\/\/api.w.org\/{rel}","templated":true}]}}