{"id":13025,"date":"2023-02-03T13:54:51","date_gmt":"2023-02-03T13:54:51","guid":{"rendered":"https:\/\/laimincom.ee\/toode\/menuholder-triple-a4-acrylic-with-2-x-m65-holders\/"},"modified":"2024-01-18T10:49:09","modified_gmt":"2024-01-18T10:49:09","slug":"menuholder-triple-a4-acrylic-with-2-x-m65-holders","status":"publish","type":"product","link":"https:\/\/laimincom.ee\/et\/toode\/menuholder-triple-a4-acrylic-with-2-x-m65-holders\/","title":{"rendered":"Kolmekordne men\u00fc\u00fchoidja akr\u00fc\u00fclist 1x A4+2x M65\/taskud"},"content":{"rendered":"<p>\u00dcksikasjalik juhend ja kirjeldus <a href=\"https:\/\/laimincom.ee\/wp-content\/uploads\/2023\/01\/TG-1222.pdf\">siit<\/a><\/p>","protected":false},"excerpt":{"rendered":"<p>Eraldi seisev akr\u00fc\u00fclist men\u00fc\u00fchoidja, mille m\u00f5lemal k\u00fcljel on kaks taskut M65 kaartide v\u00f5i bro\u0161\u00fc\u00fcride jaoks. A4 lehe keskele sisestamiseks.   <\/p>","protected":false},"featured_media":7562,"template":"","meta":{"om_disable_all_campaigns":false,"inline_featured_image":false},"product_cat":[1271],"product_tag":[],"class_list":{"0":"post-13025","1":"product","2":"type-product","3":"status-publish","4":"has-post-thumbnail","6":"product_cat-menuholder-triple-with-pocket","9":"first","10":"onbackorder","11":"taxable","12":"shipping-taxable","13":"purchasable","14":"product-type-simple"},"_links":{"self":[{"href":"https:\/\/laimincom.ee\/et\/wp-json\/wp\/v2\/product\/13025","targetHints":{"allow":["GET"]}}],"collection":[{"href":"https:\/\/laimincom.ee\/et\/wp-json\/wp\/v2\/product"}],"about":[{"href":"https:\/\/laimincom.ee\/et\/wp-json\/wp\/v2\/types\/product"}],"wp:featuredmedia":[{"embeddable":true,"href":"https:\/\/laimincom.ee\/et\/wp-json\/wp\/v2\/media\/7562"}],"wp:attachment":[{"href":"https:\/\/laimincom.ee\/et\/wp-json\/wp\/v2\/media?parent=13025"}],"wp:term":[{"taxonomy":"product_cat","embeddable":true,"href":"https:\/\/laimincom.ee\/et\/wp-json\/wp\/v2\/product_cat?post=13025"},{"taxonomy":"product_tag","embeddable":true,"href":"https:\/\/laimincom.ee\/et\/wp-json\/wp\/v2\/product_tag?post=13025"}],"curies":[{"name":"wp","href":"https:\/\/api.w.org\/{rel}","templated":true}]}}