{"id":13023,"date":"2023-02-03T13:54:51","date_gmt":"2023-02-03T13:54:51","guid":{"rendered":"https:\/\/laimincom.ee\/toode\/menuholder-single-vertical-with-m65-pocket-and-top-insert\/"},"modified":"2024-01-18T10:49:10","modified_gmt":"2024-01-18T10:49:10","slug":"menuholder-single-vertical-with-m65-pocket-and-top-insert","status":"publish","type":"product","link":"https:\/\/laimincom.ee\/et\/toode\/menuholder-single-vertical-with-m65-pocket-and-top-insert\/","title":{"rendered":"Men\u00fc\u00fchoidja M65 taskuga, infolehe sisestamine \u00fclevalt"},"content":{"rendered":"<p>\u00dcksikasjalik juhend ja kirjeldus <a href=\"https:\/\/laimincom.ee\/wp-content\/uploads\/2023\/01\/TG-1220.pdf\">siit<\/a><\/p>","protected":false},"excerpt":{"rendered":"<p>Akr\u00fc\u00fclist men\u00fc\u00fchoidik taskuga paremal k\u00fcljel, A4 lehe \u00fclaosas sisestamiseks. Tasku sobib rohkemate kaartide v\u00f5i bro\u0161\u00fc\u00fcride jaoks. Kaldus ja vabalt seisev.<\/p>","protected":false},"featured_media":7560,"template":"","meta":{"om_disable_all_campaigns":false,"inline_featured_image":false},"product_cat":[1270],"product_tag":[],"class_list":{"0":"post-13023","1":"product","2":"type-product","3":"status-publish","4":"has-post-thumbnail","6":"product_cat-menuholder-single-with-pocket","9":"first","10":"onbackorder","11":"taxable","12":"shipping-taxable","13":"purchasable","14":"product-type-simple"},"_links":{"self":[{"href":"https:\/\/laimincom.ee\/et\/wp-json\/wp\/v2\/product\/13023","targetHints":{"allow":["GET"]}}],"collection":[{"href":"https:\/\/laimincom.ee\/et\/wp-json\/wp\/v2\/product"}],"about":[{"href":"https:\/\/laimincom.ee\/et\/wp-json\/wp\/v2\/types\/product"}],"wp:featuredmedia":[{"embeddable":true,"href":"https:\/\/laimincom.ee\/et\/wp-json\/wp\/v2\/media\/7560"}],"wp:attachment":[{"href":"https:\/\/laimincom.ee\/et\/wp-json\/wp\/v2\/media?parent=13023"}],"wp:term":[{"taxonomy":"product_cat","embeddable":true,"href":"https:\/\/laimincom.ee\/et\/wp-json\/wp\/v2\/product_cat?post=13023"},{"taxonomy":"product_tag","embeddable":true,"href":"https:\/\/laimincom.ee\/et\/wp-json\/wp\/v2\/product_tag?post=13023"}],"curies":[{"name":"wp","href":"https:\/\/api.w.org\/{rel}","templated":true}]}}