{"id":13020,"date":"2023-02-03T13:54:50","date_gmt":"2023-02-03T13:54:50","guid":{"rendered":"https:\/\/laimincom.ee\/toode\/menuholder-double-a4-acrylic-with-a4-holder\/"},"modified":"2024-01-18T10:49:10","modified_gmt":"2024-01-18T10:49:10","slug":"menuholder-double-a4-acrylic-with-a4-holder","status":"publish","type":"product","link":"https:\/\/laimincom.ee\/et\/toode\/menuholder-double-a4-acrylic-with-a4-holder\/","title":{"rendered":"Topelt men\u00fc\u00fchoidja, akr\u00fc\u00fclist A4 ja A4 taskuga"},"content":{"rendered":"<p>\u00dcksikasjalik juhend ja kirjeldus <a href=\"https:\/\/laimincom.ee\/wp-content\/uploads\/2023\/01\/TG-1221.pdf\">siit<\/a><\/p>","protected":false},"excerpt":{"rendered":"<p>Eraldi seisev akr\u00fc\u00fclist men\u00fc\u00fchoidik A4-lehe sisestamiseks vasakpoolses \u00fclaosas. Paremal k\u00fcljel A4 bro\u0161\u00fc\u00fcrihoidik. <\/p>","protected":false},"featured_media":7206,"template":"","meta":{"om_disable_all_campaigns":false,"inline_featured_image":false},"product_cat":[1268],"product_tag":[],"class_list":{"0":"post-13020","1":"product","2":"type-product","3":"status-publish","4":"has-post-thumbnail","6":"product_cat-menuholder-double-with-pocket","9":"first","10":"onbackorder","11":"taxable","12":"shipping-taxable","13":"purchasable","14":"product-type-simple"},"_links":{"self":[{"href":"https:\/\/laimincom.ee\/et\/wp-json\/wp\/v2\/product\/13020","targetHints":{"allow":["GET"]}}],"collection":[{"href":"https:\/\/laimincom.ee\/et\/wp-json\/wp\/v2\/product"}],"about":[{"href":"https:\/\/laimincom.ee\/et\/wp-json\/wp\/v2\/types\/product"}],"wp:featuredmedia":[{"embeddable":true,"href":"https:\/\/laimincom.ee\/et\/wp-json\/wp\/v2\/media\/7206"}],"wp:attachment":[{"href":"https:\/\/laimincom.ee\/et\/wp-json\/wp\/v2\/media?parent=13020"}],"wp:term":[{"taxonomy":"product_cat","embeddable":true,"href":"https:\/\/laimincom.ee\/et\/wp-json\/wp\/v2\/product_cat?post=13020"},{"taxonomy":"product_tag","embeddable":true,"href":"https:\/\/laimincom.ee\/et\/wp-json\/wp\/v2\/product_tag?post=13020"}],"curies":[{"name":"wp","href":"https:\/\/api.w.org\/{rel}","templated":true}]}}