{"id":13019,"date":"2023-02-03T13:54:50","date_gmt":"2023-02-03T13:54:50","guid":{"rendered":"https:\/\/laimincom.ee\/toode\/l-menuholder-with-front-pocket-horizontal-a4\/"},"modified":"2024-01-18T10:49:10","modified_gmt":"2024-01-18T10:49:10","slug":"l-menuholder-with-front-pocket-horizontal-a4","status":"publish","type":"product","link":"https:\/\/laimincom.ee\/et\/toode\/l-menuholder-with-front-pocket-horizontal-a4\/","title":{"rendered":"L-kujuline, taskuga men\u00fc\u00fchoidja, A4 horisontaalne"},"content":{"rendered":"<p>\u00dcksikasjalik juhend ja kirjeldus <a href=\"https:\/\/laimincom.ee\/wp-content\/uploads\/2023\/01\/TG-1219.pdf\">siit<\/a><\/p>","protected":false},"excerpt":{"rendered":"<p>L\u00e4bipaistev akr\u00fc\u00fclist men\u00fc\u00fchoidja. Kaldus ja vabalt seisev. Visiitkaardihoidjaga, laius 9,5 cm x k\u00f5rgus 6 cm x s\u00fcgavus 3,5 cm.<\/p>","protected":false},"featured_media":7744,"template":"","meta":{"om_disable_all_campaigns":false,"inline_featured_image":false},"product_cat":[1267],"product_tag":[],"class_list":{"0":"post-13019","1":"product","2":"type-product","3":"status-publish","4":"has-post-thumbnail","6":"product_cat-l-type-with-front-pocket","9":"first","10":"onbackorder","11":"taxable","12":"shipping-taxable","13":"purchasable","14":"product-type-simple"},"_links":{"self":[{"href":"https:\/\/laimincom.ee\/et\/wp-json\/wp\/v2\/product\/13019","targetHints":{"allow":["GET"]}}],"collection":[{"href":"https:\/\/laimincom.ee\/et\/wp-json\/wp\/v2\/product"}],"about":[{"href":"https:\/\/laimincom.ee\/et\/wp-json\/wp\/v2\/types\/product"}],"wp:featuredmedia":[{"embeddable":true,"href":"https:\/\/laimincom.ee\/et\/wp-json\/wp\/v2\/media\/7744"}],"wp:attachment":[{"href":"https:\/\/laimincom.ee\/et\/wp-json\/wp\/v2\/media?parent=13019"}],"wp:term":[{"taxonomy":"product_cat","embeddable":true,"href":"https:\/\/laimincom.ee\/et\/wp-json\/wp\/v2\/product_cat?post=13019"},{"taxonomy":"product_tag","embeddable":true,"href":"https:\/\/laimincom.ee\/et\/wp-json\/wp\/v2\/product_tag?post=13019"}],"curies":[{"name":"wp","href":"https:\/\/api.w.org\/{rel}","templated":true}]}}