{"id":13003,"date":"2023-02-03T13:54:48","date_gmt":"2023-02-03T13:54:48","guid":{"rendered":"https:\/\/laimincom.ee\/toode\/l-menuholder-horizontal-acrylic-a8\/"},"modified":"2024-01-18T10:47:27","modified_gmt":"2024-01-18T10:47:27","slug":"l-menuholder-horizontal-acrylic-a8","status":"publish","type":"product","link":"https:\/\/laimincom.ee\/et\/toode\/l-menuholder-horizontal-acrylic-a8\/","title":{"rendered":"Akr\u00fc\u00fclist L-kujuline infoalus, A8 horisontaalne"},"content":{"rendered":"<p>\u00dcksikasjalik juhend ja kirjeldus <a href=\"https:\/\/laimincom.ee\/wp-content\/uploads\/2023\/01\/TG-1224.pdf\">siit<\/a><\/p>","protected":false},"excerpt":{"rendered":"<p>L\u00e4bipaistvast akr\u00fc\u00fclmaterjalist men\u00fc\u00fchoidja. Vabalt seisev (kallutatud).<\/p>","protected":false},"featured_media":7523,"template":"","meta":{"om_disable_all_campaigns":false,"inline_featured_image":false},"product_cat":[1265],"product_tag":[],"class_list":{"0":"post-13003","1":"product","2":"type-product","3":"status-publish","4":"has-post-thumbnail","6":"product_cat-l-menuholder-horisontal","9":"first","10":"onbackorder","11":"taxable","12":"shipping-taxable","13":"purchasable","14":"product-type-simple"},"_links":{"self":[{"href":"https:\/\/laimincom.ee\/et\/wp-json\/wp\/v2\/product\/13003","targetHints":{"allow":["GET"]}}],"collection":[{"href":"https:\/\/laimincom.ee\/et\/wp-json\/wp\/v2\/product"}],"about":[{"href":"https:\/\/laimincom.ee\/et\/wp-json\/wp\/v2\/types\/product"}],"wp:featuredmedia":[{"embeddable":true,"href":"https:\/\/laimincom.ee\/et\/wp-json\/wp\/v2\/media\/7523"}],"wp:attachment":[{"href":"https:\/\/laimincom.ee\/et\/wp-json\/wp\/v2\/media?parent=13003"}],"wp:term":[{"taxonomy":"product_cat","embeddable":true,"href":"https:\/\/laimincom.ee\/et\/wp-json\/wp\/v2\/product_cat?post=13003"},{"taxonomy":"product_tag","embeddable":true,"href":"https:\/\/laimincom.ee\/et\/wp-json\/wp\/v2\/product_tag?post=13003"}],"curies":[{"name":"wp","href":"https:\/\/api.w.org\/{rel}","templated":true}]}}