{"id":12998,"date":"2023-02-03T13:54:47","date_gmt":"2023-02-03T13:54:47","guid":{"rendered":"https:\/\/laimincom.ee\/toode\/delta-menuholder-vertical-acrylic-m65\/"},"modified":"2024-01-18T10:47:28","modified_gmt":"2024-01-18T10:47:28","slug":"delta-menuholder-vertical-acrylic-m65","status":"publish","type":"product","link":"https:\/\/laimincom.ee\/et\/toode\/delta-menuholder-vertical-acrylic-m65\/","title":{"rendered":"Kolmnurkse alumise osaga men\u00fc\u00fchoidja, M65 vertikaalne"},"content":{"rendered":"<p>\u00dcksikasjalik juhend ja kirjeldus <a href=\"https:\/\/laimincom.ee\/wp-content\/uploads\/2023\/01\/TG-1230.pdf\">siit<\/a><\/p>","protected":false},"excerpt":{"rendered":"<p>L\u00e4bipaistev akr\u00fc\u00fclist men\u00fc\u00fchoidja. Vertikaalne ja vabalt seisev, kaldjalal on ruumi logo v\u00f5i tr\u00fcki jaoks.<\/p>","protected":false},"featured_media":7609,"template":"","meta":{"om_disable_all_campaigns":false,"inline_featured_image":false},"product_cat":[1263],"product_tag":[],"class_list":{"0":"post-12998","1":"product","2":"type-product","3":"status-publish","4":"has-post-thumbnail","6":"product_cat-delta-menuholder","9":"first","10":"onbackorder","11":"taxable","12":"shipping-taxable","13":"purchasable","14":"product-type-simple"},"_links":{"self":[{"href":"https:\/\/laimincom.ee\/et\/wp-json\/wp\/v2\/product\/12998","targetHints":{"allow":["GET"]}}],"collection":[{"href":"https:\/\/laimincom.ee\/et\/wp-json\/wp\/v2\/product"}],"about":[{"href":"https:\/\/laimincom.ee\/et\/wp-json\/wp\/v2\/types\/product"}],"wp:featuredmedia":[{"embeddable":true,"href":"https:\/\/laimincom.ee\/et\/wp-json\/wp\/v2\/media\/7609"}],"wp:attachment":[{"href":"https:\/\/laimincom.ee\/et\/wp-json\/wp\/v2\/media?parent=12998"}],"wp:term":[{"taxonomy":"product_cat","embeddable":true,"href":"https:\/\/laimincom.ee\/et\/wp-json\/wp\/v2\/product_cat?post=12998"},{"taxonomy":"product_tag","embeddable":true,"href":"https:\/\/laimincom.ee\/et\/wp-json\/wp\/v2\/product_tag?post=12998"}],"curies":[{"name":"wp","href":"https:\/\/api.w.org\/{rel}","templated":true}]}}