{"id":12997,"date":"2023-02-03T13:54:46","date_gmt":"2023-02-03T13:54:46","guid":{"rendered":"https:\/\/laimincom.ee\/toode\/cross-menuholder-x-3-acrylic-6-x-m65\/"},"modified":"2024-01-18T10:47:28","modified_gmt":"2024-01-18T10:47:28","slug":"cross-menuholder-x-3-acrylic-6-x-m65","status":"publish","type":"product","link":"https:\/\/laimincom.ee\/et\/toode\/cross-menuholder-x-3-acrylic-6-x-m65\/","title":{"rendered":"Ristikujuline men\u00fc\u00fchoidja x3, akr\u00fc\u00fclist, 6xM65"},"content":{"rendered":"<p>\u00dcksikasjalik juhend ja kirjeldus <a href=\"https:\/\/laimincom.ee\/wp-content\/uploads\/2023\/01\/TG-1233.pdf\">siit<\/a><\/p>","protected":false},"excerpt":{"rendered":"<p>Men\u00fc\u00fchoidik 2 mm paksusest akr\u00fc\u00fclist, sobib 6x M65 tr\u00fckistele.<\/p>","protected":false},"featured_media":7550,"template":"","meta":{"om_disable_all_campaigns":false,"inline_featured_image":false},"product_cat":[1262],"product_tag":[],"class_list":{"0":"post-12997","1":"product","2":"type-product","3":"status-publish","4":"has-post-thumbnail","6":"product_cat-cross-menuholder-x-3","9":"first","10":"onbackorder","11":"taxable","12":"shipping-taxable","13":"purchasable","14":"product-type-simple"},"_links":{"self":[{"href":"https:\/\/laimincom.ee\/et\/wp-json\/wp\/v2\/product\/12997","targetHints":{"allow":["GET"]}}],"collection":[{"href":"https:\/\/laimincom.ee\/et\/wp-json\/wp\/v2\/product"}],"about":[{"href":"https:\/\/laimincom.ee\/et\/wp-json\/wp\/v2\/types\/product"}],"wp:featuredmedia":[{"embeddable":true,"href":"https:\/\/laimincom.ee\/et\/wp-json\/wp\/v2\/media\/7550"}],"wp:attachment":[{"href":"https:\/\/laimincom.ee\/et\/wp-json\/wp\/v2\/media?parent=12997"}],"wp:term":[{"taxonomy":"product_cat","embeddable":true,"href":"https:\/\/laimincom.ee\/et\/wp-json\/wp\/v2\/product_cat?post=12997"},{"taxonomy":"product_tag","embeddable":true,"href":"https:\/\/laimincom.ee\/et\/wp-json\/wp\/v2\/product_tag?post=12997"}],"curies":[{"name":"wp","href":"https:\/\/api.w.org\/{rel}","templated":true}]}}