{"id":12994,"date":"2023-02-03T13:54:46","date_gmt":"2023-02-03T13:54:46","guid":{"rendered":"https:\/\/laimincom.ee\/toode\/block-cardholder-acrylic-for-one-business-card\/"},"modified":"2024-01-18T10:46:40","modified_gmt":"2024-01-18T10:46:40","slug":"block-cardholder-acrylic-for-one-business-card","status":"publish","type":"product","link":"https:\/\/laimincom.ee\/et\/toode\/block-cardholder-acrylic-for-one-business-card\/","title":{"rendered":"Magnetitega men\u00fc\u00fchoidja, akr\u00fc\u00fclist. Visiitkaardi m\u00f5\u00f5dus"},"content":{"rendered":"<p>\u00dcksikasjalik juhend ja kirjeldus <a href=\"https:\/\/laimincom.ee\/wp-content\/uploads\/2023\/01\/TG-1248.pdf\">siit<\/a><\/p>","protected":false},"excerpt":{"rendered":"<p> Magnetiline men\u00fc\u00fchoidik, mahutab 2 tr\u00fckist. Valmistatud 10\/20 mm l\u00e4bipaistvast akr\u00fc\u00fclist ja seda saab h\u00f5lpsasti asetada laudadele, t\u00f6\u00f6laudadele, aknaraamidele jne. <\/p>","protected":false},"featured_media":7582,"template":"","meta":{"om_disable_all_campaigns":false,"inline_featured_image":false},"product_cat":[1260],"product_tag":[],"class_list":{"0":"post-12994","1":"product","2":"type-product","3":"status-publish","4":"has-post-thumbnail","6":"product_cat-block-menuholder","9":"first","10":"onbackorder","11":"taxable","12":"shipping-taxable","13":"purchasable","14":"product-type-simple"},"_links":{"self":[{"href":"https:\/\/laimincom.ee\/et\/wp-json\/wp\/v2\/product\/12994","targetHints":{"allow":["GET"]}}],"collection":[{"href":"https:\/\/laimincom.ee\/et\/wp-json\/wp\/v2\/product"}],"about":[{"href":"https:\/\/laimincom.ee\/et\/wp-json\/wp\/v2\/types\/product"}],"wp:featuredmedia":[{"embeddable":true,"href":"https:\/\/laimincom.ee\/et\/wp-json\/wp\/v2\/media\/7582"}],"wp:attachment":[{"href":"https:\/\/laimincom.ee\/et\/wp-json\/wp\/v2\/media?parent=12994"}],"wp:term":[{"taxonomy":"product_cat","embeddable":true,"href":"https:\/\/laimincom.ee\/et\/wp-json\/wp\/v2\/product_cat?post=12994"},{"taxonomy":"product_tag","embeddable":true,"href":"https:\/\/laimincom.ee\/et\/wp-json\/wp\/v2\/product_tag?post=12994"}],"curies":[{"name":"wp","href":"https:\/\/api.w.org\/{rel}","templated":true}]}}