{"id":12993,"date":"2023-02-03T13:54:46","date_gmt":"2023-02-03T13:54:46","guid":{"rendered":"https:\/\/laimincom.ee\/toode\/black-bottom-menuholder-acrylic-a5\/"},"modified":"2024-01-18T10:46:40","modified_gmt":"2024-01-18T10:46:40","slug":"black-bottom-menuholder-acrylic-a5","status":"publish","type":"product","link":"https:\/\/laimincom.ee\/et\/toode\/black-bottom-menuholder-acrylic-a5\/","title":{"rendered":"Musta alusega men\u00fc\u00fchoidja, akr\u00fc\u00fclist, A5"},"content":{"rendered":"<p>\u00dcksikasjalik juhend ja kirjeldus <a href=\"https:\/\/laimincom.ee\/wp-content\/uploads\/2023\/01\/TG-1237.pdf\">siit<\/a><\/p>","protected":false},"excerpt":{"rendered":"<p>Akr\u00fc\u00fclist men\u00fc\u00fchoidja musta p\u00f5hjaga. Saadaval 2x M65 v\u00f5i 2xA5 jaoks.   <\/p>","protected":false},"featured_media":7556,"template":"","meta":{"om_disable_all_campaigns":false,"inline_featured_image":false},"product_cat":[1259],"product_tag":[],"class_list":{"0":"post-12993","1":"product","2":"type-product","3":"status-publish","4":"has-post-thumbnail","6":"product_cat-black-bottom-menuholder","9":"first","10":"onbackorder","11":"taxable","12":"shipping-taxable","13":"purchasable","14":"product-type-simple"},"_links":{"self":[{"href":"https:\/\/laimincom.ee\/et\/wp-json\/wp\/v2\/product\/12993","targetHints":{"allow":["GET"]}}],"collection":[{"href":"https:\/\/laimincom.ee\/et\/wp-json\/wp\/v2\/product"}],"about":[{"href":"https:\/\/laimincom.ee\/et\/wp-json\/wp\/v2\/types\/product"}],"wp:featuredmedia":[{"embeddable":true,"href":"https:\/\/laimincom.ee\/et\/wp-json\/wp\/v2\/media\/7556"}],"wp:attachment":[{"href":"https:\/\/laimincom.ee\/et\/wp-json\/wp\/v2\/media?parent=12993"}],"wp:term":[{"taxonomy":"product_cat","embeddable":true,"href":"https:\/\/laimincom.ee\/et\/wp-json\/wp\/v2\/product_cat?post=12993"},{"taxonomy":"product_tag","embeddable":true,"href":"https:\/\/laimincom.ee\/et\/wp-json\/wp\/v2\/product_tag?post=12993"}],"curies":[{"name":"wp","href":"https:\/\/api.w.org\/{rel}","templated":true}]}}