{"id":12989,"date":"2023-02-03T13:54:46","date_gmt":"2023-02-03T13:54:46","guid":{"rendered":"https:\/\/laimincom.ee\/toode\/acrylic-spin-2xa4\/"},"modified":"2024-01-18T10:46:40","modified_gmt":"2024-01-18T10:46:40","slug":"acrylic-spin-2xa4","status":"publish","type":"product","link":"https:\/\/laimincom.ee\/et\/toode\/acrylic-spin-2xa4\/","title":{"rendered":"Keerlev men\u00fc\u00fchoidja, akr\u00fc\u00fclist, 2 x A4"},"content":{"rendered":"<p>\u00dcksikasjalik juhend ja kirjeldus <a href=\"https:\/\/laimincom.ee\/wp-content\/uploads\/2023\/01\/TG-1236.pdf\">siit<\/a><\/p>","protected":false},"excerpt":{"rendered":"<p>Akr\u00fc\u00fclist men\u00fc\u00fchoidja musta akr\u00fc\u00fclp\u00f5hjaga. P\u00f6\u00f6rab 360 kraadi. Ideaalne men\u00fc\u00fcde, pakkumiste, teabe ja hinnakirjade jaoks.<\/p>","protected":false},"featured_media":7679,"template":"","meta":{"om_disable_all_campaigns":false,"inline_featured_image":false},"product_cat":[1258],"product_tag":[],"class_list":{"0":"post-12989","1":"product","2":"type-product","3":"status-publish","4":"has-post-thumbnail","6":"product_cat-acrylic-spin-menuholder","9":"first","10":"onbackorder","11":"taxable","12":"shipping-taxable","13":"purchasable","14":"product-type-simple"},"_links":{"self":[{"href":"https:\/\/laimincom.ee\/et\/wp-json\/wp\/v2\/product\/12989","targetHints":{"allow":["GET"]}}],"collection":[{"href":"https:\/\/laimincom.ee\/et\/wp-json\/wp\/v2\/product"}],"about":[{"href":"https:\/\/laimincom.ee\/et\/wp-json\/wp\/v2\/types\/product"}],"wp:featuredmedia":[{"embeddable":true,"href":"https:\/\/laimincom.ee\/et\/wp-json\/wp\/v2\/media\/7679"}],"wp:attachment":[{"href":"https:\/\/laimincom.ee\/et\/wp-json\/wp\/v2\/media?parent=12989"}],"wp:term":[{"taxonomy":"product_cat","embeddable":true,"href":"https:\/\/laimincom.ee\/et\/wp-json\/wp\/v2\/product_cat?post=12989"},{"taxonomy":"product_tag","embeddable":true,"href":"https:\/\/laimincom.ee\/et\/wp-json\/wp\/v2\/product_tag?post=12989"}],"curies":[{"name":"wp","href":"https:\/\/api.w.org\/{rel}","templated":true}]}}