{"id":12610,"date":"2023-02-03T13:51:46","date_gmt":"2023-02-03T13:51:46","guid":{"rendered":"https:\/\/laimincom.ee\/toode\/white-board-pens-4-pcs-blue\/"},"modified":"2024-01-15T12:30:13","modified_gmt":"2024-01-15T12:30:13","slug":"white-board-pens-4-pcs-blue","status":"publish","type":"product","link":"https:\/\/laimincom.ee\/et\/toode\/white-board-pens-4-pcs-blue\/","title":{"rendered":"Markerid 4tk, Sinine"},"content":{"rendered":"<p>\u00dcksikasjalik juhend ja kirjeldus <a href=\"https:\/\/laimincom.ee\/wp-content\/uploads\/2023\/01\/TG-619.pdf\">siit<\/a><\/p>","protected":false},"excerpt":{"rendered":"<p>Pakendatud 4 tk. \u00fches pakendis. Valige v\u00e4rvide vahel: must, punane, sinine ja roheline. Mittetoksiline tint, mida on lihtne p\u00fchkida.<\/p>","protected":false},"featured_media":7403,"template":"","meta":{"om_disable_all_campaigns":false,"inline_featured_image":false},"product_cat":[1399],"product_tag":[],"class_list":{"0":"post-12610","1":"product","2":"type-product","3":"status-publish","4":"has-post-thumbnail","6":"product_cat-whiteboard-pens","9":"first","10":"onbackorder","11":"taxable","12":"shipping-taxable","13":"purchasable","14":"product-type-simple"},"_links":{"self":[{"href":"https:\/\/laimincom.ee\/et\/wp-json\/wp\/v2\/product\/12610","targetHints":{"allow":["GET"]}}],"collection":[{"href":"https:\/\/laimincom.ee\/et\/wp-json\/wp\/v2\/product"}],"about":[{"href":"https:\/\/laimincom.ee\/et\/wp-json\/wp\/v2\/types\/product"}],"wp:featuredmedia":[{"embeddable":true,"href":"https:\/\/laimincom.ee\/et\/wp-json\/wp\/v2\/media\/7403"}],"wp:attachment":[{"href":"https:\/\/laimincom.ee\/et\/wp-json\/wp\/v2\/media?parent=12610"}],"wp:term":[{"taxonomy":"product_cat","embeddable":true,"href":"https:\/\/laimincom.ee\/et\/wp-json\/wp\/v2\/product_cat?post=12610"},{"taxonomy":"product_tag","embeddable":true,"href":"https:\/\/laimincom.ee\/et\/wp-json\/wp\/v2\/product_tag?post=12610"}],"curies":[{"name":"wp","href":"https:\/\/api.w.org\/{rel}","templated":true}]}}