{"id":12602,"date":"2023-02-03T13:51:46","date_gmt":"2023-02-03T13:51:46","guid":{"rendered":"https:\/\/laimincom.ee\/toode\/white-board-eraser-prof-magnetic\/"},"modified":"2024-01-15T12:36:21","modified_gmt":"2024-01-15T12:36:21","slug":"white-board-eraser-prof-magnetic","status":"publish","type":"product","link":"https:\/\/laimincom.ee\/et\/toode\/white-board-eraser-prof-magnetic\/","title":{"rendered":"Magnetiga tahvlipuhastaja, prof."},"content":{"rendered":"<p>\u00dcksikasjalik juhend ja kirjeldus <a href=\"https:\/\/laimincom.ee\/wp-content\/uploads\/2023\/01\/TG-613.pdf\">siit<\/a><\/p>","protected":false},"excerpt":{"rendered":"<p>Tahvlipuhastaja sinisest plastikust, valge vahtk\u00e4snaga. P\u00fchib h\u00f5lpsalt markeri tahvlilt<\/p>","protected":false},"featured_media":7349,"template":"","meta":{"om_disable_all_campaigns":false,"inline_featured_image":false},"product_cat":[1398],"product_tag":[],"class_list":{"0":"post-12602","1":"product","2":"type-product","3":"status-publish","4":"has-post-thumbnail","6":"product_cat-whiteboard-eraser","9":"first","10":"onbackorder","11":"taxable","12":"shipping-taxable","13":"purchasable","14":"product-type-simple"},"_links":{"self":[{"href":"https:\/\/laimincom.ee\/et\/wp-json\/wp\/v2\/product\/12602","targetHints":{"allow":["GET"]}}],"collection":[{"href":"https:\/\/laimincom.ee\/et\/wp-json\/wp\/v2\/product"}],"about":[{"href":"https:\/\/laimincom.ee\/et\/wp-json\/wp\/v2\/types\/product"}],"wp:featuredmedia":[{"embeddable":true,"href":"https:\/\/laimincom.ee\/et\/wp-json\/wp\/v2\/media\/7349"}],"wp:attachment":[{"href":"https:\/\/laimincom.ee\/et\/wp-json\/wp\/v2\/media?parent=12602"}],"wp:term":[{"taxonomy":"product_cat","embeddable":true,"href":"https:\/\/laimincom.ee\/et\/wp-json\/wp\/v2\/product_cat?post=12602"},{"taxonomy":"product_tag","embeddable":true,"href":"https:\/\/laimincom.ee\/et\/wp-json\/wp\/v2\/product_tag?post=12602"}],"curies":[{"name":"wp","href":"https:\/\/api.w.org\/{rel}","templated":true}]}}