{"id":12554,"date":"2023-02-03T13:51:32","date_gmt":"2023-02-03T13:51:32","guid":{"rendered":"https:\/\/laimincom.ee\/toode\/wooden-easel-165-cm-heigh-i-dark-wood\/"},"modified":"2024-01-18T10:36:17","modified_gmt":"2024-01-18T10:36:17","slug":"wooden-easel-165-cm-heigh-i-dark-wood","status":"publish","type":"product","link":"https:\/\/laimincom.ee\/et\/toode\/wooden-easel-165-cm-heigh-i-dark-wood\/","title":{"rendered":"Puidust harkjalg, 165cm k\u00f5rge, tume puit"},"content":{"rendered":"<p>\u00dcksikasjalik juhend ja kirjeldus <a>here&lt;<\/p>","protected":false},"excerpt":{"rendered":"<p>Elegantne tumedaks peitsitud molbert. 3 jalaga alus laudade v\u00f5i l\u00f5uendi maalimiseks. Hoiustamiseks saab kokku voltida. K\u00f5rgus ja kaldenurk on reguleeritavad.<\/p>","protected":false},"featured_media":7473,"template":"","meta":{"om_disable_all_campaigns":false,"inline_featured_image":false},"product_cat":[1383],"product_tag":[],"class_list":{"0":"post-12554","1":"product","2":"type-product","3":"status-publish","4":"has-post-thumbnail","6":"product_cat-blackboards","9":"first","10":"onbackorder","11":"taxable","12":"shipping-taxable","13":"purchasable","14":"product-type-simple"},"_links":{"self":[{"href":"https:\/\/laimincom.ee\/et\/wp-json\/wp\/v2\/product\/12554","targetHints":{"allow":["GET"]}}],"collection":[{"href":"https:\/\/laimincom.ee\/et\/wp-json\/wp\/v2\/product"}],"about":[{"href":"https:\/\/laimincom.ee\/et\/wp-json\/wp\/v2\/types\/product"}],"wp:featuredmedia":[{"embeddable":true,"href":"https:\/\/laimincom.ee\/et\/wp-json\/wp\/v2\/media\/7473"}],"wp:attachment":[{"href":"https:\/\/laimincom.ee\/et\/wp-json\/wp\/v2\/media?parent=12554"}],"wp:term":[{"taxonomy":"product_cat","embeddable":true,"href":"https:\/\/laimincom.ee\/et\/wp-json\/wp\/v2\/product_cat?post=12554"},{"taxonomy":"product_tag","embeddable":true,"href":"https:\/\/laimincom.ee\/et\/wp-json\/wp\/v2\/product_tag?post=12554"}],"curies":[{"name":"wp","href":"https:\/\/api.w.org\/{rel}","templated":true}]}}