{"id":10947,"date":"2023-01-25T12:23:14","date_gmt":"2023-01-25T12:23:14","guid":{"rendered":"https:\/\/laimincom.ee\/toode\/caution-board-yellow-texted-with-caution-wet-floor\/"},"modified":"2024-01-18T10:13:32","modified_gmt":"2024-01-18T10:13:32","slug":"caution-board-yellow-texted-with-caution-wet-floor","status":"publish","type":"product","link":"https:\/\/laimincom.ee\/et\/toode\/caution-board-yellow-texted-with-caution-wet-floor\/","title":{"rendered":"Hoiatustahvel, kollane, tekstiga &quot;Ettevaatust m\u00e4rg p\u00f5rand&quot;"},"content":{"rendered":"<p>\u00dcksikasjalik juhend ja kirjeldus <a href=\"https:\/\/laimincom.ee\/wp-content\/uploads\/2023\/01\/TG-139.pdf\">siit<\/a><\/p>","protected":false},"excerpt":{"rendered":"<p>Kollane hoiatusm\u00e4rk k\u00f5vast plastist. Kergesti kokkuvolditav, kui seda ei kasutata. Siseruumides kasutamiseks.<\/p>","protected":false},"featured_media":8617,"template":"","meta":{"om_disable_all_campaigns":false,"inline_featured_image":false},"product_cat":[1203],"product_tag":[],"class_list":{"0":"post-10947","1":"product","2":"type-product","3":"status-publish","4":"has-post-thumbnail","6":"product_cat-caution-board","9":"first","10":"onbackorder","11":"taxable","12":"shipping-taxable","13":"purchasable","14":"product-type-simple"},"_links":{"self":[{"href":"https:\/\/laimincom.ee\/et\/wp-json\/wp\/v2\/product\/10947","targetHints":{"allow":["GET"]}}],"collection":[{"href":"https:\/\/laimincom.ee\/et\/wp-json\/wp\/v2\/product"}],"about":[{"href":"https:\/\/laimincom.ee\/et\/wp-json\/wp\/v2\/types\/product"}],"wp:featuredmedia":[{"embeddable":true,"href":"https:\/\/laimincom.ee\/et\/wp-json\/wp\/v2\/media\/8617"}],"wp:attachment":[{"href":"https:\/\/laimincom.ee\/et\/wp-json\/wp\/v2\/media?parent=10947"}],"wp:term":[{"taxonomy":"product_cat","embeddable":true,"href":"https:\/\/laimincom.ee\/et\/wp-json\/wp\/v2\/product_cat?post=10947"},{"taxonomy":"product_tag","embeddable":true,"href":"https:\/\/laimincom.ee\/et\/wp-json\/wp\/v2\/product_tag?post=10947"}],"curies":[{"name":"wp","href":"https:\/\/api.w.org\/{rel}","templated":true}]}}