{"id":10945,"date":"2023-01-25T12:23:14","date_gmt":"2023-01-25T12:23:14","guid":{"rendered":"https:\/\/laimincom.ee\/toode\/alu-line-rondo-pavement-board-with-retractable-legs-a2\/"},"modified":"2024-01-18T10:13:32","modified_gmt":"2024-01-18T10:13:32","slug":"alu-line-rondo-pavement-board-with-retractable-legs-a2","status":"publish","type":"product","link":"https:\/\/laimincom.ee\/et\/toode\/alu-line-rondo-pavement-board-with-retractable-legs-a2\/","title":{"rendered":"Alu-Line Rondo A-reklaamraam t\u00e4navale, sisset\u00f5mmatavate jalgadega, A2"},"content":{"rendered":"<p>\u00dcksikasjalik juhend ja kirjeldus <a href=\"https:\/\/laimincom.ee\/wp-content\/uploads\/2023\/01\/TG-116.pdf\">siit<\/a><\/p>","protected":false},"excerpt":{"rendered":"<p>Pavement board produced in 32 mm alu snap-frames, mitred corners, galvanized steel back-sheets. Non-corrosive. Anti-reflex APET front panels, included. Mounted on 15&#215;30 mm square alu tubes. The board can be used with or without the extended legs.<\/p>","protected":false},"featured_media":8505,"template":"","meta":{"om_disable_all_campaigns":false,"inline_featured_image":false},"product_cat":[1201],"product_tag":[],"class_list":{"0":"post-10945","1":"product","2":"type-product","3":"status-publish","4":"has-post-thumbnail","6":"product_cat-alu-line-rondo-pavement-board","9":"first","10":"onbackorder","11":"taxable","12":"shipping-taxable","13":"purchasable","14":"product-type-simple"},"_links":{"self":[{"href":"https:\/\/laimincom.ee\/et\/wp-json\/wp\/v2\/product\/10945","targetHints":{"allow":["GET"]}}],"collection":[{"href":"https:\/\/laimincom.ee\/et\/wp-json\/wp\/v2\/product"}],"about":[{"href":"https:\/\/laimincom.ee\/et\/wp-json\/wp\/v2\/types\/product"}],"wp:featuredmedia":[{"embeddable":true,"href":"https:\/\/laimincom.ee\/et\/wp-json\/wp\/v2\/media\/8505"}],"wp:attachment":[{"href":"https:\/\/laimincom.ee\/et\/wp-json\/wp\/v2\/media?parent=10945"}],"wp:term":[{"taxonomy":"product_cat","embeddable":true,"href":"https:\/\/laimincom.ee\/et\/wp-json\/wp\/v2\/product_cat?post=10945"},{"taxonomy":"product_tag","embeddable":true,"href":"https:\/\/laimincom.ee\/et\/wp-json\/wp\/v2\/product_tag?post=10945"}],"curies":[{"name":"wp","href":"https:\/\/api.w.org\/{rel}","templated":true}]}}