{"id":10941,"date":"2023-01-25T12:23:13","date_gmt":"2023-01-25T12:23:13","guid":{"rendered":"https:\/\/laimincom.ee\/toode\/alu-line-logo-change-gadeskilt-silver-a1\/"},"modified":"2024-01-18T10:12:52","modified_gmt":"2024-01-18T10:12:52","slug":"alu-line-logo-change-gadeskilt-silver-a1","status":"publish","type":"product","link":"https:\/\/laimincom.ee\/et\/toode\/alu-line-logo-change-gadeskilt-silver-a1\/","title":{"rendered":"Alu-Line vahetatava logoga A-reklaamraam t\u00e4navale, h\u00f5bedane, A1"},"content":{"rendered":"<p>\u00dcksikasjalik juhend ja kirjeldus <a href=\"https:\/\/laimincom.ee\/wp-content\/uploads\/2023\/01\/TG-115.pdf\">siit<\/a><\/p>","protected":false},"excerpt":{"rendered":"<p>Pavement board with 30 mm anodized alusnap frames, mitred corners and backing plate ingalvanized steel (uncoated). Legs in 25 x 25 mm alu profiles. With anti-reflex APET front panels.The logo plate in 4 mm Alu Dibond can easily be changed with snap profile in top.<\/p>","protected":false},"featured_media":7950,"template":"","meta":{"om_disable_all_campaigns":false,"inline_featured_image":false},"product_cat":[1200],"product_tag":[],"class_list":{"0":"post-10941","1":"product","2":"type-product","3":"status-publish","4":"has-post-thumbnail","6":"product_cat-alu-line-logo-change","9":"first","10":"onbackorder","11":"taxable","12":"shipping-taxable","13":"purchasable","14":"product-type-simple"},"_links":{"self":[{"href":"https:\/\/laimincom.ee\/et\/wp-json\/wp\/v2\/product\/10941","targetHints":{"allow":["GET"]}}],"collection":[{"href":"https:\/\/laimincom.ee\/et\/wp-json\/wp\/v2\/product"}],"about":[{"href":"https:\/\/laimincom.ee\/et\/wp-json\/wp\/v2\/types\/product"}],"wp:featuredmedia":[{"embeddable":true,"href":"https:\/\/laimincom.ee\/et\/wp-json\/wp\/v2\/media\/7950"}],"wp:attachment":[{"href":"https:\/\/laimincom.ee\/et\/wp-json\/wp\/v2\/media?parent=10941"}],"wp:term":[{"taxonomy":"product_cat","embeddable":true,"href":"https:\/\/laimincom.ee\/et\/wp-json\/wp\/v2\/product_cat?post=10941"},{"taxonomy":"product_tag","embeddable":true,"href":"https:\/\/laimincom.ee\/et\/wp-json\/wp\/v2\/product_tag?post=10941"}],"curies":[{"name":"wp","href":"https:\/\/api.w.org\/{rel}","templated":true}]}}