{"id":10940,"date":"2023-01-25T12:23:13","date_gmt":"2023-01-25T12:23:13","guid":{"rendered":"https:\/\/laimincom.ee\/toode\/alu-line-budget-pavement-sign-silver-a1\/"},"modified":"2025-02-18T08:09:40","modified_gmt":"2025-02-18T08:09:40","slug":"alu-line-budget-pavement-sign-silver-a1","status":"publish","type":"product","link":"https:\/\/laimincom.ee\/et\/toode\/alu-line-budget-pavement-sign-silver-a1\/","title":{"rendered":"Alu-Line Budget A-reklaamraam t\u00e4navale, h\u00f5be, A1"},"content":{"rendered":"<p>\u00dcksikasjalik juhend ja kirjeldus <a href=\"https:\/\/laimincom.ee\/wp-content\/uploads\/2023\/01\/TG-118.pdf\">siit<\/a><\/p>","protected":false},"excerpt":{"rendered":"<p>Pavement board with 25 mm. aluminium snap frame, anodized alu-profile with corners cut in mitre. Back panels in PS. Legs 15 x 30 mm aluminum square tube. Delivered with anti reflex APET front sheet. Rustproof, but recommended for indoor use.<\/p>","protected":false},"featured_media":8499,"template":"","meta":{"om_disable_all_campaigns":false,"inline_featured_image":false},"product_cat":[1199],"product_tag":[],"class_list":{"0":"post-10940","1":"product","2":"type-product","3":"status-publish","4":"has-post-thumbnail","6":"product_cat-alu-line-budget-street-sign","9":"first","10":"onbackorder","11":"taxable","12":"shipping-taxable","13":"purchasable","14":"product-type-simple"},"_links":{"self":[{"href":"https:\/\/laimincom.ee\/et\/wp-json\/wp\/v2\/product\/10940","targetHints":{"allow":["GET"]}}],"collection":[{"href":"https:\/\/laimincom.ee\/et\/wp-json\/wp\/v2\/product"}],"about":[{"href":"https:\/\/laimincom.ee\/et\/wp-json\/wp\/v2\/types\/product"}],"wp:featuredmedia":[{"embeddable":true,"href":"https:\/\/laimincom.ee\/et\/wp-json\/wp\/v2\/media\/8499"}],"wp:attachment":[{"href":"https:\/\/laimincom.ee\/et\/wp-json\/wp\/v2\/media?parent=10940"}],"wp:term":[{"taxonomy":"product_cat","embeddable":true,"href":"https:\/\/laimincom.ee\/et\/wp-json\/wp\/v2\/product_cat?post=10940"},{"taxonomy":"product_tag","embeddable":true,"href":"https:\/\/laimincom.ee\/et\/wp-json\/wp\/v2\/product_tag?post=10940"}],"curies":[{"name":"wp","href":"https:\/\/api.w.org\/{rel}","templated":true}]}}