{"id":10937,"date":"2023-01-25T12:23:13","date_gmt":"2023-01-25T12:23:13","guid":{"rendered":"https:\/\/laimincom.ee\/toode\/ct101-multipurpose-tablet-stand\/"},"modified":"2023-02-02T14:46:55","modified_gmt":"2023-02-02T14:46:55","slug":"ct101-multipurpose-tablet-stand","status":"publish","type":"product","link":"https:\/\/laimincom.ee\/et\/toode\/ct101-multipurpose-tablet-stand\/","title":{"rendered":"CT101 Mitmeotstarbeline tahvli jalg"},"content":{"rendered":"<ul>\n<li>InVue CT Key v\u00f5i OneKey abil saate koheselt t\u00e4ielikust lukustusest t\u00e4ieliku mobiilsuse juurde<\/li>\n<li>Sisekontaktid laadivad dokitud tahvelarvutit, et v\u00f5imaldada \u00f6\u00f6p\u00e4evaringset kasutamist<\/li>\n<li>P\u00f6\u00f6rake tahvelarvutit h\u00f5lpsalt portree v\u00f5i maastiku asendisse<\/li>\n<li>V\u00f5imalik on lisada k\u00e4e v\u00f5i \u00f5la pael paremaks k\u00e4es hoidmiseks<\/li>\n<li>Tahvel ei vaja eraldi koprust, kuid toetab kolmanda osapoole korpuseid ja InVue on valmis disainima ning tootma vastavalt soovile.<\/li>\n<li>Sobitub pea k\u00f5igi tavlearvutitega ja operatsiooni s\u00fcsteemidega.<\/li>\n<\/ul>\n<div style=\"width: 640px;\" class=\"wp-video\"><video class=\"wp-video-shortcode\" id=\"video-10937-1\" width=\"640\" height=\"360\" poster=\"https:\/\/laimincom.ee\/wp-content\/uploads\/2022\/05\/CT101-angleleft-white-SurfaceGO-scaled.jpg\" preload=\"metadata\" controls=\"controls\"><source type=\"video\/mp4\" src=\"https:\/\/laimincom.ee\/wp-content\/uploads\/2022\/05\/CT101-1080p-1.mp4?_=1\" \/><a href=\"https:\/\/laimincom.ee\/wp-content\/uploads\/2022\/05\/CT101-1080p-1.mp4\">https:\/\/laimincom.ee\/wp-content\/uploads\/2022\/05\/CT101-1080p-1.mp4<\/a><\/video><\/div>\n<p>&nbsp;<\/p>","protected":false},"excerpt":{"rendered":"<h2 class=\"productIntro\"><span style=\"font-size: 12pt;\">P\u00fc\u00fcdke t\u00e4helepanu poes kui kontoris InVue universaalse tahvelarvutialusega CT101. See  t\u00e4ismetallist alus sisaldab k\u00f5ike, mida muutuv keskkond n\u00f5uab \u2013 toidet, turvalisust ja mobiilsust \u2013 k\u00f5ike seda puhtas minimaalses disainis.<\/span><\/h2>\n<p>&nbsp;<\/p>\n<p>&nbsp;<\/p>\n<p>&nbsp;<\/p>","protected":false},"featured_media":6873,"template":"","meta":{"om_disable_all_campaigns":false,"inline_featured_image":false},"product_cat":[222],"product_tag":[],"class_list":{"0":"post-10937","1":"product","2":"type-product","3":"status-publish","4":"has-post-thumbnail","6":"product_cat-point-of-sale","9":"first","10":"instock","11":"taxable","12":"shipping-taxable","13":"purchasable","14":"product-type-simple"},"_links":{"self":[{"href":"https:\/\/laimincom.ee\/et\/wp-json\/wp\/v2\/product\/10937","targetHints":{"allow":["GET"]}}],"collection":[{"href":"https:\/\/laimincom.ee\/et\/wp-json\/wp\/v2\/product"}],"about":[{"href":"https:\/\/laimincom.ee\/et\/wp-json\/wp\/v2\/types\/product"}],"wp:featuredmedia":[{"embeddable":true,"href":"https:\/\/laimincom.ee\/et\/wp-json\/wp\/v2\/media\/6873"}],"wp:attachment":[{"href":"https:\/\/laimincom.ee\/et\/wp-json\/wp\/v2\/media?parent=10937"}],"wp:term":[{"taxonomy":"product_cat","embeddable":true,"href":"https:\/\/laimincom.ee\/et\/wp-json\/wp\/v2\/product_cat?post=10937"},{"taxonomy":"product_tag","embeddable":true,"href":"https:\/\/laimincom.ee\/et\/wp-json\/wp\/v2\/product_tag?post=10937"}],"curies":[{"name":"wp","href":"https:\/\/api.w.org\/{rel}","templated":true}]}}