{"id":10927,"date":"2023-01-25T12:23:11","date_gmt":"2023-01-25T12:23:11","guid":{"rendered":"https:\/\/laimincom.ee\/toode\/one65\/"},"modified":"2023-02-02T14:46:54","modified_gmt":"2023-02-02T14:46:54","slug":"one65","status":"publish","type":"product","link":"https:\/\/laimincom.ee\/et\/toode\/one65\/","title":{"rendered":"\u00dcks 65"},"content":{"rendered":"<div style=\"width: 640px;\" class=\"wp-video\"><video class=\"wp-video-shortcode\" id=\"video-10927-1\" width=\"640\" height=\"360\" poster=\"https:\/\/laimincom.ee\/wp-content\/uploads\/2020\/05\/OnePOD-Wireless_Store_Angle_Lift.jpg\" preload=\"metadata\" controls=\"controls\"><source type=\"video\/mp4\" src=\"https:\/\/laimincom.ee\/wp-content\/uploads\/2022\/02\/One-POD_Final_07.13.18-HD1080-OneKEY-version.mp4?_=1\" \/><a href=\"https:\/\/laimincom.ee\/wp-content\/uploads\/2022\/02\/One-POD_Final_07.13.18-HD1080-OneKEY-version.mp4\">https:\/\/laimincom.ee\/wp-content\/uploads\/2022\/02\/One-POD_Final_07.13.18-HD1080-OneKEY-version.mp4<\/a><\/video><\/div>\n<p>&nbsp;<\/p>\n<p>&nbsp;<\/p>\n<p>&nbsp;<\/p>\n<div style=\"width: 640px;\" class=\"wp-video\"><video class=\"wp-video-shortcode\" id=\"video-10927-2\" width=\"640\" height=\"360\" poster=\"https:\/\/laimincom.ee\/wp-content\/uploads\/2022\/02\/one60-recoiler-1.webp\" preload=\"metadata\" controls=\"controls\"><source type=\"video\/mp4\" src=\"https:\/\/laimincom.ee\/wp-content\/uploads\/2022\/02\/OnePOD_Quality-lab_v6-6_14.mp4?_=2\" \/><a href=\"https:\/\/laimincom.ee\/wp-content\/uploads\/2022\/02\/OnePOD_Quality-lab_v6-6_14.mp4\">https:\/\/laimincom.ee\/wp-content\/uploads\/2022\/02\/OnePOD_Quality-lab_v6-6_14.mp4<\/a><\/video><\/div>\n<p>&nbsp;<\/p>","protected":false},"excerpt":{"rendered":"<h2>Suurep\u00e4rane kasutajakogemus, intelligentsus ja ristkaubandus.<\/h2>\n<ul>\n<li>Ristkaubanduseks m\u00f5eldud lisaport<\/li>\n<li>Planogrammi j\u00e4lgimine ja kasutatavuse j\u00e4lgimine<\/li>\n<li>Paigaldus ja seadmetevahetus ilma t\u00f6\u00f6riistata.<\/li>\n<li>skaleeritab turbelahendus v\u00f5imaldab seadmeid t\u00f5sta v\u00f5i jala k\u00fclge lukustada, et v\u00e4hendada varguste riski.<\/li>\n<li>Saadaval nii musta kui valget v\u00e4rvi.<\/li>\n<\/ul>\n<p><a href=\"https:\/\/invue.com\/wp-content\/uploads\/2019\/06\/OnePOD_ss_06122019.pdf#page=5\" target=\"_blank\" rel=\"noopener\">Loe rohkem<\/a><\/p>","protected":false},"featured_media":6666,"template":"","meta":{"om_disable_all_campaigns":false,"inline_featured_image":false},"product_cat":[202],"product_tag":[],"class_list":{"0":"post-10927","1":"product","2":"type-product","3":"status-publish","4":"has-post-thumbnail","6":"product_cat-what-has-been-done","9":"first","10":"instock","11":"taxable","12":"shipping-taxable","13":"purchasable","14":"product-type-simple"},"_links":{"self":[{"href":"https:\/\/laimincom.ee\/et\/wp-json\/wp\/v2\/product\/10927","targetHints":{"allow":["GET"]}}],"collection":[{"href":"https:\/\/laimincom.ee\/et\/wp-json\/wp\/v2\/product"}],"about":[{"href":"https:\/\/laimincom.ee\/et\/wp-json\/wp\/v2\/types\/product"}],"wp:featuredmedia":[{"embeddable":true,"href":"https:\/\/laimincom.ee\/et\/wp-json\/wp\/v2\/media\/6666"}],"wp:attachment":[{"href":"https:\/\/laimincom.ee\/et\/wp-json\/wp\/v2\/media?parent=10927"}],"wp:term":[{"taxonomy":"product_cat","embeddable":true,"href":"https:\/\/laimincom.ee\/et\/wp-json\/wp\/v2\/product_cat?post=10927"},{"taxonomy":"product_tag","embeddable":true,"href":"https:\/\/laimincom.ee\/et\/wp-json\/wp\/v2\/product_tag?post=10927"}],"curies":[{"name":"wp","href":"https:\/\/api.w.org\/{rel}","templated":true}]}}