{"id":10919,"date":"2023-01-25T12:23:10","date_gmt":"2023-01-25T12:23:10","guid":{"rendered":"https:\/\/laimincom.ee\/toode\/rac-lock\/"},"modified":"2023-02-02T14:46:54","modified_gmt":"2023-02-02T14:46:54","slug":"rac-lock","status":"publish","type":"product","link":"https:\/\/laimincom.ee\/et\/toode\/rac-lock\/","title":{"rendered":"Rackide lukk"},"content":{"rendered":"<p><iframe title=\"InVue RAC Lock\" width=\"640\" height=\"360\" src=\"https:\/\/www.youtube.com\/embed\/wAAS3UY4iC4?feature=oembed\" frameborder=\"0\" allow=\"accelerometer; autoplay; clipboard-write; encrypted-media; gyroscope; picture-in-picture; web-share\" referrerpolicy=\"strict-origin-when-cross-origin\" allowfullscreen><\/iframe><\/p>\n<p>Iga OneKEY lukk \u00fchildub Access Manageriga, et n\u00e4ha, kes millistele lukkudele, millal ja kus juurde p\u00e4\u00e4seb.<\/p>\n<p><strong>Lisateave (eng),<\/strong> <a href=\"https:\/\/invue.com\/data-center-security\/rac-lock\/index.cfm\" target=\"_blank\" rel=\"noopener noreferrer\"><strong><span style=\"color: #ffcc00;\">InVue.\u00a0<\/span><\/strong><\/a><\/p>\n<p>&nbsp;<\/p>","protected":false},"excerpt":{"rendered":"<p><strong>InVue andmekeskuse lahendused pakuvad k\u00f5rgemat turvalisust, neid saab kiiresti kasutusele v\u00f5tta ja seejuures vajavad minimaalset hooldust. <\/strong><\/p>\n<p>Parandate \u00fclevaadet andmetest, saate teada, kes ja millal riiulile p\u00e4\u00e4ses.<\/p>\n<p>InVue OneKEY edastab voolu RAC -luku kasutamiseks. Seega ei vaja patareisid ega voolu.<\/p>\n<p>Lihtsa disainiga lukku saab paigaldada uutesse v\u00f5i olemasolevatesse ustesse. Integreeritud ukse- ja riiviandurid pakuvad lisaturvalisust.<\/p>\n<p>Kas soovite oma serveriruume turvata RAC lukuga? V\u00f5tke meiega otse \u00fchendust.<\/p>","protected":false},"featured_media":6233,"template":"","meta":{"om_disable_all_campaigns":false,"inline_featured_image":false},"product_cat":[202],"product_tag":[],"class_list":{"0":"post-10919","1":"product","2":"type-product","3":"status-publish","4":"has-post-thumbnail","6":"product_cat-what-has-been-done","9":"first","10":"instock","11":"taxable","12":"shipping-taxable","13":"purchasable","14":"product-type-simple"},"_links":{"self":[{"href":"https:\/\/laimincom.ee\/et\/wp-json\/wp\/v2\/product\/10919","targetHints":{"allow":["GET"]}}],"collection":[{"href":"https:\/\/laimincom.ee\/et\/wp-json\/wp\/v2\/product"}],"about":[{"href":"https:\/\/laimincom.ee\/et\/wp-json\/wp\/v2\/types\/product"}],"wp:featuredmedia":[{"embeddable":true,"href":"https:\/\/laimincom.ee\/et\/wp-json\/wp\/v2\/media\/6233"}],"wp:attachment":[{"href":"https:\/\/laimincom.ee\/et\/wp-json\/wp\/v2\/media?parent=10919"}],"wp:term":[{"taxonomy":"product_cat","embeddable":true,"href":"https:\/\/laimincom.ee\/et\/wp-json\/wp\/v2\/product_cat?post=10919"},{"taxonomy":"product_tag","embeddable":true,"href":"https:\/\/laimincom.ee\/et\/wp-json\/wp\/v2\/product_tag?post=10919"}],"curies":[{"name":"wp","href":"https:\/\/api.w.org\/{rel}","templated":true}]}}