{"id":10915,"date":"2023-01-25T12:23:10","date_gmt":"2023-01-25T12:23:10","guid":{"rendered":"https:\/\/laimincom.ee\/toode\/protective-mask\/"},"modified":"2024-01-18T10:10:20","modified_gmt":"2024-01-18T10:10:20","slug":"protective-mask","status":"publish","type":"product","link":"https:\/\/laimincom.ee\/et\/toode\/protective-mask\/","title":{"rendered":"Kaitsemask"},"content":{"rendered":"<p><strong>T\u00fc\u00fcp 1-3 kihti - mittesteriilne \u00fchesuunaline mask vastavalt EL standardile (EN149: 2001 + A1: 2009)<\/strong><\/p>\n<p>1. Enne maski k\u00e4sitsemist peske ja desinfitseerige k\u00e4si.<\/p>\n<p>2. V\u00f5tke mask kotist v\u00e4lja.<\/p>\n<p>3. Asetage mask suu ja nina ette nii, et valge k\u00fclg oleks n\u00e4o poole ja (nina) traat \u00fclespoole.<\/p>\n<p>4. Kinnitage k\u00f5rvarihmad k\u00f5rvade taha.<\/p>\n<p>5. Tehke mask lahti nii, et see kataks nii suu kui ka nina.<\/p>\n<p>6. Reguleerige (nina) traati \u00fcle nina tagumise osa.<\/p>","protected":false},"excerpt":{"rendered":"<p>Kaitse ennast ja kaasinimesi.<\/p>\n<p>Kaitsemask, k\u00f5rvade taha kinnituv. 3-kihiline helesinine n\u00e4omask valge \u00e4\u00e4rise ja elastsusega, mis kantakse suu ja nina kohale. Kaitseb viiruste, bakterite ja tolmu eest.<\/p>\n<p><strong>Pakis 50 tk.<\/strong><\/p>\n<p>Suurus 1 tk: 17,3 x 10 cm.<\/p>","protected":false},"featured_media":5914,"template":"","meta":{"om_disable_all_campaigns":false,"inline_featured_image":false},"product_cat":[202],"product_tag":[],"class_list":{"0":"post-10915","1":"product","2":"type-product","3":"status-publish","4":"has-post-thumbnail","6":"product_cat-what-has-been-done","9":"first","10":"onbackorder","11":"taxable","12":"shipping-taxable","13":"purchasable","14":"product-type-simple"},"_links":{"self":[{"href":"https:\/\/laimincom.ee\/et\/wp-json\/wp\/v2\/product\/10915","targetHints":{"allow":["GET"]}}],"collection":[{"href":"https:\/\/laimincom.ee\/et\/wp-json\/wp\/v2\/product"}],"about":[{"href":"https:\/\/laimincom.ee\/et\/wp-json\/wp\/v2\/types\/product"}],"wp:featuredmedia":[{"embeddable":true,"href":"https:\/\/laimincom.ee\/et\/wp-json\/wp\/v2\/media\/5914"}],"wp:attachment":[{"href":"https:\/\/laimincom.ee\/et\/wp-json\/wp\/v2\/media?parent=10915"}],"wp:term":[{"taxonomy":"product_cat","embeddable":true,"href":"https:\/\/laimincom.ee\/et\/wp-json\/wp\/v2\/product_cat?post=10915"},{"taxonomy":"product_tag","embeddable":true,"href":"https:\/\/laimincom.ee\/et\/wp-json\/wp\/v2\/product_tag?post=10915"}],"curies":[{"name":"wp","href":"https:\/\/api.w.org\/{rel}","templated":true}]}}