{"id":10911,"date":"2023-01-25T12:23:09","date_gmt":"2023-01-25T12:23:09","guid":{"rendered":"https:\/\/laimincom.ee\/toode\/adhesible-product-holder\/"},"modified":"2026-02-19T10:27:45","modified_gmt":"2026-02-19T10:27:45","slug":"adhesible-product-holder","status":"publish","type":"product","link":"https:\/\/laimincom.ee\/et\/toode\/adhesible-product-holder\/","title":{"rendered":"Kolmnurkse auguga rippteip 50 tk \/ pakk, 41x31mm"},"content":{"rendered":"","protected":false},"excerpt":{"rendered":"<p style=\"text-align: left\">M\u00f5eldud kaupade riputamiseks konksude k\u00fclge ja tootehoidikute riputamiseks. L\u00e4bipaistev tootehoidik, millel on liimiriba.<\/p>\n<p style=\"text-align: left\"><strong>Pakis 50 tk.<\/strong><\/p>\n<p style=\"text-align: left\">","protected":false},"featured_media":13671,"template":"","meta":{"om_disable_all_campaigns":false,"inline_featured_image":false},"product_cat":[66,49],"product_tag":[],"class_list":{"0":"post-10911","1":"product","2":"type-product","3":"status-publish","4":"has-post-thumbnail","6":"product_cat-for-peg-hook","7":"product_cat-hanging-accessories","10":"first","11":"outofstock","12":"taxable","13":"shipping-taxable","14":"purchasable","15":"product-type-simple"},"_links":{"self":[{"href":"https:\/\/laimincom.ee\/et\/wp-json\/wp\/v2\/product\/10911","targetHints":{"allow":["GET"]}}],"collection":[{"href":"https:\/\/laimincom.ee\/et\/wp-json\/wp\/v2\/product"}],"about":[{"href":"https:\/\/laimincom.ee\/et\/wp-json\/wp\/v2\/types\/product"}],"wp:featuredmedia":[{"embeddable":true,"href":"https:\/\/laimincom.ee\/et\/wp-json\/wp\/v2\/media\/13671"}],"wp:attachment":[{"href":"https:\/\/laimincom.ee\/et\/wp-json\/wp\/v2\/media?parent=10911"}],"wp:term":[{"taxonomy":"product_cat","embeddable":true,"href":"https:\/\/laimincom.ee\/et\/wp-json\/wp\/v2\/product_cat?post=10911"},{"taxonomy":"product_tag","embeddable":true,"href":"https:\/\/laimincom.ee\/et\/wp-json\/wp\/v2\/product_tag?post=10911"}],"curies":[{"name":"wp","href":"https:\/\/api.w.org\/{rel}","templated":true}]}}