{"id":10909,"date":"2023-01-25T12:23:08","date_gmt":"2023-01-25T12:23:08","guid":{"rendered":"https:\/\/laimincom.ee\/toode\/stand-with-automatic-hand-sanitizer\/"},"modified":"2024-01-15T12:35:16","modified_gmt":"2024-01-15T12:35:16","slug":"stand-with-automatic-hand-sanitizer","status":"publish","type":"product","link":"https:\/\/laimincom.ee\/et\/toode\/stand-with-automatic-hand-sanitizer\/","title":{"rendered":"Alus automaatse k\u00e4te desinfitseerimisdosaatoriga"},"content":{"rendered":"<p>Kaasas k\u00e4te desinfitseerimise vahend, mis on valmistatud vastavalt WHO soovitatud valemile nr 1. Sisaldab 80% et\u00fc\u00fclalkoholi.<\/p>\n<p>&nbsp;<\/p>","protected":false},"excerpt":{"rendered":"<p>Neutraalse v\u00e4limusega alus koos automaatse k\u00e4te desinfitseerimisdosaatoriga.<\/p>\n<p>T\u00f6\u00f6tab patareidega (ei kuulu komplekti).<\/p>\n<p>Aluse suurus on 470x200mm.<\/p>\n<p>Sisaldab 1L k\u00e4te desinfitseerimise vahendit.<\/p>","protected":false},"featured_media":5591,"template":"","meta":{"om_disable_all_campaigns":false,"inline_featured_image":false},"product_cat":[160],"product_tag":[],"class_list":{"0":"post-10909","1":"product","2":"type-product","3":"status-publish","4":"has-post-thumbnail","6":"product_cat-other-metal-products","9":"first","10":"onbackorder","11":"taxable","12":"shipping-taxable","13":"purchasable","14":"product-type-simple"},"_links":{"self":[{"href":"https:\/\/laimincom.ee\/et\/wp-json\/wp\/v2\/product\/10909","targetHints":{"allow":["GET"]}}],"collection":[{"href":"https:\/\/laimincom.ee\/et\/wp-json\/wp\/v2\/product"}],"about":[{"href":"https:\/\/laimincom.ee\/et\/wp-json\/wp\/v2\/types\/product"}],"wp:featuredmedia":[{"embeddable":true,"href":"https:\/\/laimincom.ee\/et\/wp-json\/wp\/v2\/media\/5591"}],"wp:attachment":[{"href":"https:\/\/laimincom.ee\/et\/wp-json\/wp\/v2\/media?parent=10909"}],"wp:term":[{"taxonomy":"product_cat","embeddable":true,"href":"https:\/\/laimincom.ee\/et\/wp-json\/wp\/v2\/product_cat?post=10909"},{"taxonomy":"product_tag","embeddable":true,"href":"https:\/\/laimincom.ee\/et\/wp-json\/wp\/v2\/product_tag?post=10909"}],"curies":[{"name":"wp","href":"https:\/\/api.w.org\/{rel}","templated":true}]}}