{"id":10901,"date":"2023-01-25T12:23:07","date_gmt":"2023-01-25T12:23:07","guid":{"rendered":"https:\/\/laimincom.ee\/toode\/plates-pan-lid-holder\/"},"modified":"2024-01-18T10:10:20","modified_gmt":"2024-01-18T10:10:20","slug":"plates-pan-lid-holder","status":"publish","type":"product","link":"https:\/\/laimincom.ee\/et\/toode\/plates-pan-lid-holder\/","title":{"rendered":"Plaadi- \/ pannikaanehoidik, akr\u00fc\u00fclist."},"content":{"rendered":"","protected":false},"excerpt":{"rendered":"<p>L\u00e4bipaistvast akr\u00fc\u00fclist hoidik, mille vahele on sobib paigutada taldrikuid, plaate v\u00f5i panni-\/ potikaasi.<\/p>\n<p>Hoidik mahutab kuni 7 toodet.<\/p>\n<p>M\u00f5\u00f5dud: 400 x 187 x 104 mm. Vahe laius: 36 mm.<\/p>","protected":false},"featured_media":5234,"template":"","meta":{"om_disable_all_campaigns":false,"inline_featured_image":false},"product_cat":[157],"product_tag":[],"class_list":{"0":"post-10901","1":"product","2":"type-product","3":"status-publish","4":"has-post-thumbnail","6":"product_cat-other-acrylic-products","9":"first","10":"onbackorder","11":"taxable","12":"shipping-taxable","13":"purchasable","14":"product-type-simple"},"_links":{"self":[{"href":"https:\/\/laimincom.ee\/et\/wp-json\/wp\/v2\/product\/10901","targetHints":{"allow":["GET"]}}],"collection":[{"href":"https:\/\/laimincom.ee\/et\/wp-json\/wp\/v2\/product"}],"about":[{"href":"https:\/\/laimincom.ee\/et\/wp-json\/wp\/v2\/types\/product"}],"wp:featuredmedia":[{"embeddable":true,"href":"https:\/\/laimincom.ee\/et\/wp-json\/wp\/v2\/media\/5234"}],"wp:attachment":[{"href":"https:\/\/laimincom.ee\/et\/wp-json\/wp\/v2\/media?parent=10901"}],"wp:term":[{"taxonomy":"product_cat","embeddable":true,"href":"https:\/\/laimincom.ee\/et\/wp-json\/wp\/v2\/product_cat?post=10901"},{"taxonomy":"product_tag","embeddable":true,"href":"https:\/\/laimincom.ee\/et\/wp-json\/wp\/v2\/product_tag?post=10901"}],"curies":[{"name":"wp","href":"https:\/\/api.w.org\/{rel}","templated":true}]}}