{"id":10896,"date":"2023-01-25T12:23:07","date_gmt":"2023-01-25T12:23:07","guid":{"rendered":"https:\/\/laimincom.ee\/toode\/onekey-detacher\/"},"modified":"2024-04-22T11:14:24","modified_gmt":"2024-04-22T11:14:24","slug":"onekey-detacher","status":"publish","type":"product","link":"https:\/\/laimincom.ee\/et\/toode\/onekey-detacher\/","title":{"rendered":"OneKEY eemaldaja"},"content":{"rendered":"<p>Komplektis on \u00fchismagnet, mis v\u00f5imaldab lisaks InVue lahendustele eemaldada ka teisi magnetilisi turvalahendusi.<\/p>","protected":false},"excerpt":{"rendered":"<p>OneKEY eemaldaja on mugav ja lihtne kauba turvalisuse eemaldamise seade, mis v\u00f5imaldab teenindajal sujuvalt ja kiirelt maksetoimingutele \u00fcleminekut ning j\u00e4rgmise kliendiga tegelemist.<\/p>\n<p>Paariskassa puhul on v\u00f5imalik kasutada \u00fchte seadet kahe kassa peale, mis aitab v\u00e4hendada kulu.<\/p>\n<p>Lisateave (eng), <a href=\"https:\/\/invue.com\/wp-content\/uploads\/2019\/06\/OneKEY-Detacher_ss_06102019.pdf\" target=\"_blank\" rel=\"noopener noreferrer\"><strong><span style=\"font-size: 12pt;\"><span style=\"color: #f2be1f;\">siin!<\/span><\/span><\/strong><\/a><\/p>\n<p>&nbsp;<\/p>","protected":false},"featured_media":4860,"template":"","meta":{"om_disable_all_campaigns":false,"inline_featured_image":false},"product_cat":[654],"product_tag":[],"class_list":{"0":"post-10896","1":"product","2":"type-product","3":"status-publish","4":"has-post-thumbnail","6":"product_cat-onekey-detacher","9":"first","10":"instock","11":"taxable","12":"shipping-taxable","13":"purchasable","14":"product-type-simple"},"_links":{"self":[{"href":"https:\/\/laimincom.ee\/et\/wp-json\/wp\/v2\/product\/10896","targetHints":{"allow":["GET"]}}],"collection":[{"href":"https:\/\/laimincom.ee\/et\/wp-json\/wp\/v2\/product"}],"about":[{"href":"https:\/\/laimincom.ee\/et\/wp-json\/wp\/v2\/types\/product"}],"wp:featuredmedia":[{"embeddable":true,"href":"https:\/\/laimincom.ee\/et\/wp-json\/wp\/v2\/media\/4860"}],"wp:attachment":[{"href":"https:\/\/laimincom.ee\/et\/wp-json\/wp\/v2\/media?parent=10896"}],"wp:term":[{"taxonomy":"product_cat","embeddable":true,"href":"https:\/\/laimincom.ee\/et\/wp-json\/wp\/v2\/product_cat?post=10896"},{"taxonomy":"product_tag","embeddable":true,"href":"https:\/\/laimincom.ee\/et\/wp-json\/wp\/v2\/product_tag?post=10896"}],"curies":[{"name":"wp","href":"https:\/\/api.w.org\/{rel}","templated":true}]}}