{"id":10895,"date":"2023-01-25T12:23:07","date_gmt":"2023-01-25T12:23:07","guid":{"rendered":"https:\/\/laimincom.ee\/toode\/onekey-padlock\/"},"modified":"2023-02-02T14:44:49","modified_gmt":"2023-02-02T14:44:49","slug":"onekey-padlock","status":"publish","type":"product","link":"https:\/\/laimincom.ee\/et\/toode\/onekey-padlock\/","title":{"rendered":"OneKEY tabalukk"},"content":{"rendered":"<p>OneKEY tabalukk koos OneKEY \u2122 ja Access Manager \u2122 -ga annab jaem\u00fc\u00fcjatele v\u00f5imaluse minna tavap\u00e4rasest tegevusest kaugemale ning hallata, turvata ja j\u00e4lgida kaupadele juurdep\u00e4\u00e4su.<\/p>\n<p><iframe title=\"OneKEY Padlock - Unlock Demo\" width=\"640\" height=\"360\" src=\"https:\/\/www.youtube.com\/embed\/Yemo6M0OjDM?feature=oembed\" frameborder=\"0\" allow=\"accelerometer; autoplay; clipboard-write; encrypted-media; gyroscope; picture-in-picture; web-share\" referrerpolicy=\"strict-origin-when-cross-origin\" allowfullscreen><\/iframe><\/p>","protected":false},"excerpt":{"rendered":"<p>Nutikas lukk (nutilukk), mida saate kasutada k\u00f5ikjal oma poes. OneKEY tabaluku saab koheselt lisada uutesse v\u00f5i olemasolevatesse kinnitustesse. Kasutada puuride, kappide v\u00f5i kinnitatud turvavarustuses, nii p\u00f5randal asuvate kaupade kui ka laos toimingute jaoks.<\/p>\n<p>Kiire ja sujuv kogemus, millele p\u00e4\u00e4seb igal ajal juurde - vaid \u00fche v\u00f5tmega avatav.<\/p>\n<p>Lisateave (eng),<span style=\"color: #00ccff;\"> <a style=\"color: #00ccff;\" href=\"https:\/\/invue.com\/wp-content\/uploads\/2020\/09\/Padlock-Overview.pdf\" target=\"_blank\" rel=\"noopener noreferrer\"><strong>siin!<\/strong><\/a><\/span><\/p>","protected":false},"featured_media":4651,"template":"","meta":{"om_disable_all_campaigns":false,"inline_featured_image":false},"product_cat":[202],"product_tag":[],"class_list":{"0":"post-10895","1":"product","2":"type-product","3":"status-publish","4":"has-post-thumbnail","6":"product_cat-what-has-been-done","9":"first","10":"instock","11":"taxable","12":"shipping-taxable","13":"purchasable","14":"product-type-simple"},"_links":{"self":[{"href":"https:\/\/laimincom.ee\/et\/wp-json\/wp\/v2\/product\/10895","targetHints":{"allow":["GET"]}}],"collection":[{"href":"https:\/\/laimincom.ee\/et\/wp-json\/wp\/v2\/product"}],"about":[{"href":"https:\/\/laimincom.ee\/et\/wp-json\/wp\/v2\/types\/product"}],"wp:featuredmedia":[{"embeddable":true,"href":"https:\/\/laimincom.ee\/et\/wp-json\/wp\/v2\/media\/4651"}],"wp:attachment":[{"href":"https:\/\/laimincom.ee\/et\/wp-json\/wp\/v2\/media?parent=10895"}],"wp:term":[{"taxonomy":"product_cat","embeddable":true,"href":"https:\/\/laimincom.ee\/et\/wp-json\/wp\/v2\/product_cat?post=10895"},{"taxonomy":"product_tag","embeddable":true,"href":"https:\/\/laimincom.ee\/et\/wp-json\/wp\/v2\/product_tag?post=10895"}],"curies":[{"name":"wp","href":"https:\/\/api.w.org\/{rel}","templated":true}]}}