{"id":10894,"date":"2023-01-25T12:23:06","date_gmt":"2023-01-25T12:23:06","guid":{"rendered":"https:\/\/laimincom.ee\/toode\/acrylic-info-stand-a4\/"},"modified":"2023-02-20T09:50:41","modified_gmt":"2023-02-20T09:50:41","slug":"acrylic-info-stand-a4","status":"publish","type":"product","link":"https:\/\/laimincom.ee\/et\/toode\/acrylic-info-stand-a4\/","title":{"rendered":"Akr\u00fc\u00fclist infoalus bro\u0161\u00fc\u00fcrihoidjaga"},"content":{"rendered":"","protected":false},"excerpt":{"rendered":"<p>Infostend 10 mm akr\u00fc\u00fclist. Pakub ruumi A4-le m\u00f5eldud teabele ja bro\u0161\u00fc\u00fcride hoidikule A4-voldikute jaoks. Sobib n\u00e4iteks autosalongidesse.<\/p>\n<p>Mahutavus: 21 x 29,7 cm (A4).<\/p>\n<p>Kogusuurus: laius 25, s\u00fcgavus 31 cm, k\u00f5rgus 91 cm.<\/p>\n<p>&nbsp;<\/p>","protected":false},"featured_media":4517,"template":"","meta":{"om_disable_all_campaigns":false,"inline_featured_image":false},"product_cat":[202],"product_tag":[],"class_list":{"0":"post-10894","1":"product","2":"type-product","3":"status-publish","4":"has-post-thumbnail","6":"product_cat-what-has-been-done","9":"first","10":"instock","11":"taxable","12":"shipping-taxable","13":"purchasable","14":"product-type-simple"},"_links":{"self":[{"href":"https:\/\/laimincom.ee\/et\/wp-json\/wp\/v2\/product\/10894","targetHints":{"allow":["GET"]}}],"collection":[{"href":"https:\/\/laimincom.ee\/et\/wp-json\/wp\/v2\/product"}],"about":[{"href":"https:\/\/laimincom.ee\/et\/wp-json\/wp\/v2\/types\/product"}],"wp:featuredmedia":[{"embeddable":true,"href":"https:\/\/laimincom.ee\/et\/wp-json\/wp\/v2\/media\/4517"}],"wp:attachment":[{"href":"https:\/\/laimincom.ee\/et\/wp-json\/wp\/v2\/media?parent=10894"}],"wp:term":[{"taxonomy":"product_cat","embeddable":true,"href":"https:\/\/laimincom.ee\/et\/wp-json\/wp\/v2\/product_cat?post=10894"},{"taxonomy":"product_tag","embeddable":true,"href":"https:\/\/laimincom.ee\/et\/wp-json\/wp\/v2\/product_tag?post=10894"}],"curies":[{"name":"wp","href":"https:\/\/api.w.org\/{rel}","templated":true}]}}