{"id":10893,"date":"2023-01-25T12:23:06","date_gmt":"2023-01-25T12:23:06","guid":{"rendered":"https:\/\/laimincom.ee\/toode\/pocket-93x55-mm\/"},"modified":"2024-01-18T10:08:59","modified_gmt":"2024-01-18T10:08:59","slug":"pocket-93x55-mm","status":"publish","type":"product","link":"https:\/\/laimincom.ee\/et\/toode\/pocket-93x55-mm\/","title":{"rendered":"Tasku 93x55 mm"},"content":{"rendered":"<p>Saame ka teie m\u00f5\u00f5tudega tasku teha.<\/p>","protected":false},"excerpt":{"rendered":"<p>Painutatud PVC (0.3mm) tasku, mille vahele on mugav paberit sisestada. Sobib h\u00e4sti erinevate sedelihoidikutele. Tasku on painutatud v\u00e4ikse \u00fclekattega, mis kindlustab selle, et paber ei libiseks nii lihtsalt v\u00e4lja.<\/p>","protected":false},"featured_media":3989,"template":"","meta":{"om_disable_all_campaigns":false,"inline_featured_image":false},"product_cat":[64],"product_tag":[],"class_list":{"0":"post-10893","1":"product","2":"type-product","3":"status-publish","4":"has-post-thumbnail","6":"product_cat-information-holders","9":"first","10":"onbackorder","11":"taxable","12":"shipping-taxable","13":"purchasable","14":"product-type-simple"},"_links":{"self":[{"href":"https:\/\/laimincom.ee\/et\/wp-json\/wp\/v2\/product\/10893","targetHints":{"allow":["GET"]}}],"collection":[{"href":"https:\/\/laimincom.ee\/et\/wp-json\/wp\/v2\/product"}],"about":[{"href":"https:\/\/laimincom.ee\/et\/wp-json\/wp\/v2\/types\/product"}],"wp:featuredmedia":[{"embeddable":true,"href":"https:\/\/laimincom.ee\/et\/wp-json\/wp\/v2\/media\/3989"}],"wp:attachment":[{"href":"https:\/\/laimincom.ee\/et\/wp-json\/wp\/v2\/media?parent=10893"}],"wp:term":[{"taxonomy":"product_cat","embeddable":true,"href":"https:\/\/laimincom.ee\/et\/wp-json\/wp\/v2\/product_cat?post=10893"},{"taxonomy":"product_tag","embeddable":true,"href":"https:\/\/laimincom.ee\/et\/wp-json\/wp\/v2\/product_tag?post=10893"}],"curies":[{"name":"wp","href":"https:\/\/api.w.org\/{rel}","templated":true}]}}