{"id":10885,"date":"2023-01-25T12:23:05","date_gmt":"2023-01-25T12:23:05","guid":{"rendered":"https:\/\/laimincom.ee\/?post_type=product&#038;p=10885"},"modified":"2023-02-20T09:50:33","modified_gmt":"2023-02-20T09:50:33","slug":"hygiene-screen-for-desk","status":"publish","type":"product","link":"https:\/\/laimincom.ee\/et\/toode\/hygiene-screen-for-desk\/","title":{"rendered":"Kaitsesein lauale"},"content":{"rendered":"<p>Kruvid on komplektis. Ideaalne nt. retseptsiooni, kontorisse ja poodi.<\/p>","protected":false},"excerpt":{"rendered":"<p>Kaitsesein lauale kinnitamiseks v\u00f5i asetamiseks. Valmistatud 5 mm akr\u00fc\u00fclmaterjalist.<\/p>\n<p>\u00dcldm\u00f5\u00f5t 900 \u00d7 650 mm.<\/p>","protected":false},"featured_media":4216,"template":"","meta":{"om_disable_all_campaigns":false,"inline_featured_image":false},"product_cat":[202],"product_tag":[],"class_list":{"0":"post-10885","1":"product","2":"type-product","3":"status-publish","4":"has-post-thumbnail","6":"product_cat-what-has-been-done","9":"first","10":"instock","11":"taxable","12":"shipping-taxable","13":"purchasable","14":"product-type-simple"},"_links":{"self":[{"href":"https:\/\/laimincom.ee\/et\/wp-json\/wp\/v2\/product\/10885","targetHints":{"allow":["GET"]}}],"collection":[{"href":"https:\/\/laimincom.ee\/et\/wp-json\/wp\/v2\/product"}],"about":[{"href":"https:\/\/laimincom.ee\/et\/wp-json\/wp\/v2\/types\/product"}],"wp:featuredmedia":[{"embeddable":true,"href":"https:\/\/laimincom.ee\/et\/wp-json\/wp\/v2\/media\/4216"}],"wp:attachment":[{"href":"https:\/\/laimincom.ee\/et\/wp-json\/wp\/v2\/media?parent=10885"}],"wp:term":[{"taxonomy":"product_cat","embeddable":true,"href":"https:\/\/laimincom.ee\/et\/wp-json\/wp\/v2\/product_cat?post=10885"},{"taxonomy":"product_tag","embeddable":true,"href":"https:\/\/laimincom.ee\/et\/wp-json\/wp\/v2\/product_tag?post=10885"}],"curies":[{"name":"wp","href":"https:\/\/api.w.org\/{rel}","templated":true}]}}