{"id":10875,"date":"2023-01-25T12:23:02","date_gmt":"2023-01-25T12:23:02","guid":{"rendered":"https:\/\/laimincom.ee\/toode\/deli-long-base-with-label-holder\/"},"modified":"2025-03-05T08:53:37","modified_gmt":"2025-03-05T08:53:37","slug":"deli-long-base-with-label-holder","status":"publish","type":"product","link":"https:\/\/laimincom.ee\/et\/toode\/deli-long-base-with-label-holder\/","title":{"rendered":"DELI piklikul alusel sedelihoidik"},"content":{"rendered":"<p>Mugav reguleerida kaldenurka, nii alumist kui ka alumist osa. Soovitatav meile tahvli, PET \/ PVC tasku v\u00f5i lamineeritud hinnasiltidega.<\/p>","protected":false},"excerpt":{"rendered":"<p>DELI komplekt koosneb alusest, 90 mm vahel\u00fclist ja sedelihoidiku \u00fclemisest osast, kuhu saab kinnitada tr\u00fckise. Koguk\u00f5rgus 104 mm, aluse laius 80 mm ja pikkus 100 mm.<\/p>","protected":false},"featured_media":3674,"template":"","meta":{"om_disable_all_campaigns":false,"inline_featured_image":false},"product_cat":[1341],"product_tag":[],"class_list":{"0":"post-10875","1":"product","2":"type-product","3":"status-publish","4":"has-post-thumbnail","6":"product_cat-deli","9":"first","10":"instock","11":"taxable","12":"shipping-taxable","13":"purchasable","14":"product-type-simple"},"_links":{"self":[{"href":"https:\/\/laimincom.ee\/et\/wp-json\/wp\/v2\/product\/10875","targetHints":{"allow":["GET"]}}],"collection":[{"href":"https:\/\/laimincom.ee\/et\/wp-json\/wp\/v2\/product"}],"about":[{"href":"https:\/\/laimincom.ee\/et\/wp-json\/wp\/v2\/types\/product"}],"wp:featuredmedia":[{"embeddable":true,"href":"https:\/\/laimincom.ee\/et\/wp-json\/wp\/v2\/media\/3674"}],"wp:attachment":[{"href":"https:\/\/laimincom.ee\/et\/wp-json\/wp\/v2\/media?parent=10875"}],"wp:term":[{"taxonomy":"product_cat","embeddable":true,"href":"https:\/\/laimincom.ee\/et\/wp-json\/wp\/v2\/product_cat?post=10875"},{"taxonomy":"product_tag","embeddable":true,"href":"https:\/\/laimincom.ee\/et\/wp-json\/wp\/v2\/product_tag?post=10875"}],"curies":[{"name":"wp","href":"https:\/\/api.w.org\/{rel}","templated":true}]}}