{"id":10867,"date":"2023-01-25T12:23:01","date_gmt":"2023-01-25T12:23:01","guid":{"rendered":"https:\/\/laimincom.ee\/toode\/locking-hook\/"},"modified":"2023-02-02T14:46:51","modified_gmt":"2023-02-02T14:46:51","slug":"locking-hook","status":"publish","type":"product","link":"https:\/\/laimincom.ee\/et\/toode\/locking-hook\/","title":{"rendered":"Lukustatav piik"},"content":{"rendered":"<p><strong><span style=\"color: #f2be1f;\">1.<\/span><\/strong> \u00dchilduvus IR3 v\u00f5tmega kaupadele kiireks juurdep\u00e4\u00e4suks, et tarbijat paremini teenindada.<\/p>\n<p><strong><span style=\"color: #f2be1f;\">2.<\/span><\/strong> IR-lukustuss\u00fcsteem tagab parema turvalisuse v\u00f5rreldes traditsiooniliste magnetiliste v\u00f5i mehaaniliste lukkudega.<\/p>\n<p><strong><span style=\"color: #f2be1f;\">3.<\/span><\/strong> IR3 v\u00f5tme kood aegub 12 tunni p\u00e4rast, muutes kaotatud v\u00f5i varastatud v\u00f5tme kasutuks.<\/p>\n<p><strong><span style=\"color: #f2be1f;\">4.<\/span><\/strong> T\u00e4nu tugevale lahendusele, suurendab see oluliselt vastupidavust r\u00fcnnakutele.<\/p>\n<p><strong><span style=\"color: #f2be1f;\">5.<\/span><\/strong> Konksu aluse lukustamine on kavandatud h\u00f5lpsaks lukustamiseks ja avamiseks, et teha kiireid toiminguid.<\/p>\n<p><strong><span style=\"color: #f2be1f;\">6.<\/span> <\/strong>Integreeritav p\u00f6\u00f6rdlukuga lukk v\u00f5imaldab h\u00f5lpsat juurdep\u00e4\u00e4su kauba peale- ja mahalaadimisele.<\/p>","protected":false},"excerpt":{"rendered":"<p>K\u00f5rgeima turvalahendusega lukustatav piik. Pakub oluliselt k\u00f5rgemat kaitset asjadele, kui seda n\u00e4iteks tratsitsioonilised magneetilised v\u00f5i mehaanilised piigid v\u00f5imaldavad. Integreeritud luku-ja p\u00f6\u00f6rdekonstruktsioon v\u00f5imaldab IR3 v\u00f5tmega lihtsasti kaupa lisada ja \u00e4ra v\u00f5tta.<\/p>\n<p>Lisateave (eng),<span style=\"color: #00ccff;\"> <a style=\"color: #00ccff;\" href=\"https:\/\/invue.com\/wp-content\/uploads\/2020\/03\/Locking_hook_Overview.pdf\" target=\"_blank\" rel=\"noopener noreferrer\"><strong>siin!<\/strong><\/a><\/span><\/p>","protected":false},"featured_media":3612,"template":"","meta":{"om_disable_all_campaigns":false,"inline_featured_image":false},"product_cat":[202],"product_tag":[],"class_list":{"0":"post-10867","1":"product","2":"type-product","3":"status-publish","4":"has-post-thumbnail","6":"product_cat-what-has-been-done","9":"first","10":"instock","11":"taxable","12":"shipping-taxable","13":"purchasable","14":"product-type-simple"},"_links":{"self":[{"href":"https:\/\/laimincom.ee\/et\/wp-json\/wp\/v2\/product\/10867","targetHints":{"allow":["GET"]}}],"collection":[{"href":"https:\/\/laimincom.ee\/et\/wp-json\/wp\/v2\/product"}],"about":[{"href":"https:\/\/laimincom.ee\/et\/wp-json\/wp\/v2\/types\/product"}],"wp:featuredmedia":[{"embeddable":true,"href":"https:\/\/laimincom.ee\/et\/wp-json\/wp\/v2\/media\/3612"}],"wp:attachment":[{"href":"https:\/\/laimincom.ee\/et\/wp-json\/wp\/v2\/media?parent=10867"}],"wp:term":[{"taxonomy":"product_cat","embeddable":true,"href":"https:\/\/laimincom.ee\/et\/wp-json\/wp\/v2\/product_cat?post=10867"},{"taxonomy":"product_tag","embeddable":true,"href":"https:\/\/laimincom.ee\/et\/wp-json\/wp\/v2\/product_tag?post=10867"}],"curies":[{"name":"wp","href":"https:\/\/api.w.org\/{rel}","templated":true}]}}