{"id":10858,"date":"2023-01-25T12:23:00","date_gmt":"2023-01-25T12:23:00","guid":{"rendered":"https:\/\/laimincom.ee\/toode\/t1000\/"},"modified":"2023-02-02T14:46:51","modified_gmt":"2023-02-02T14:46:51","slug":"t1000","status":"publish","type":"product","link":"https:\/\/laimincom.ee\/et\/toode\/t1000\/","title":{"rendered":"T1000"},"content":{"rendered":"<p><span style=\"color: #f2be1f;\">1.<\/span> Integreeritud hinnasildi hoidjaga.<\/p>\n<p><span style=\"color: #f2be1f;\">2.<\/span> Nupp v\u00e4ljastab tooteid iga 5 sekundi tagant \u00fckshaaval, mist\u00f5ttu on v\u00f5imatu varastada T1000-tel olevaid tooteid korraga ja l\u00fchikese aja jooksul.<\/p>\n<p><span style=\"color: #f2be1f;\">3.<\/span> Vahetatavad hoidikud v\u00f5imaldavad riputada erineva suurusega pakendeid.<\/p>\n<p><span style=\"color: #f2be1f;\">4.<\/span> Lihtne kasutada, ei vaja eraldi v\u00f5tit.<\/p>\n<p><span style=\"color: #f2be1f;\">5.<\/span> Ei vaja eraldi turvakarpi.<\/p>\n<p><span style=\"color: #f2be1f;\">6.<\/span> Kinnitub piigiseinale turvakruvi abil. Eraldi alarms\u00fcsteemi ei ole.<\/p>\n<p><span style=\"color: #f2be1f;\">7.<\/span> T1000 saab paigutada \u00fcksteise k\u00f5rvale, vahedeta, ainus, mis piirab on pakendi suurus.<\/p>\n<p><span style=\"color: #f2be1f;\">8.<\/span> Asendab kalleid turvariiuleid.<\/p>\n<p>&nbsp;<\/p>\n<p><iframe title=\"InVue T1000 toote tutvustus\" width=\"640\" height=\"360\" src=\"https:\/\/www.youtube.com\/embed\/pSFxVVPzhlA?feature=oembed\" frameborder=\"0\" allow=\"accelerometer; autoplay; clipboard-write; encrypted-media; gyroscope; picture-in-picture; web-share\" referrerpolicy=\"strict-origin-when-cross-origin\" allowfullscreen><\/iframe><\/p>","protected":false},"excerpt":{"rendered":"<p>Peata vargaid, mitte kliente. T1000 on turul ainus iseteenindusseade, mis suurendab m\u00fc\u00fcki, samas aitab v\u00e4ltida varastamist.<\/p>\n<p>Tegemist on \u00fcherealise jaoturiga, et \npresenteerida \u00fchesuguseid tooteid.  Valmistatud vastupidavast materjalist.<\/p>\n<p>Lisateave (eng),<span style=\"color: #00ccff;\"> <a style=\"color: #00ccff;\" href=\"https:\/\/invue.com\/wp-content\/uploads\/2018\/08\/T1000-Push-Button-Dispenser-For-Hanging-Merchandise-080818.pdf\" target=\"_blank\" rel=\"noopener noreferrer\"><strong>siin!<\/strong><\/a><\/span><\/p>","protected":false},"featured_media":3606,"template":"","meta":{"om_disable_all_campaigns":false,"inline_featured_image":false},"product_cat":[202],"product_tag":[],"class_list":{"0":"post-10858","1":"product","2":"type-product","3":"status-publish","4":"has-post-thumbnail","6":"product_cat-what-has-been-done","9":"first","10":"instock","11":"taxable","12":"shipping-taxable","13":"purchasable","14":"product-type-simple"},"_links":{"self":[{"href":"https:\/\/laimincom.ee\/et\/wp-json\/wp\/v2\/product\/10858","targetHints":{"allow":["GET"]}}],"collection":[{"href":"https:\/\/laimincom.ee\/et\/wp-json\/wp\/v2\/product"}],"about":[{"href":"https:\/\/laimincom.ee\/et\/wp-json\/wp\/v2\/types\/product"}],"wp:featuredmedia":[{"embeddable":true,"href":"https:\/\/laimincom.ee\/et\/wp-json\/wp\/v2\/media\/3606"}],"wp:attachment":[{"href":"https:\/\/laimincom.ee\/et\/wp-json\/wp\/v2\/media?parent=10858"}],"wp:term":[{"taxonomy":"product_cat","embeddable":true,"href":"https:\/\/laimincom.ee\/et\/wp-json\/wp\/v2\/product_cat?post=10858"},{"taxonomy":"product_tag","embeddable":true,"href":"https:\/\/laimincom.ee\/et\/wp-json\/wp\/v2\/product_tag?post=10858"}],"curies":[{"name":"wp","href":"https:\/\/api.w.org\/{rel}","templated":true}]}}