{"id":10850,"date":"2023-01-25T12:22:59","date_gmt":"2023-01-25T12:22:59","guid":{"rendered":"https:\/\/laimincom.ee\/toode\/series-3000\/"},"modified":"2023-02-02T14:46:50","modified_gmt":"2023-02-02T14:46:50","slug":"series-3000","status":"publish","type":"product","link":"https:\/\/laimincom.ee\/et\/toode\/series-3000\/","title":{"rendered":"Seeria 3000"},"content":{"rendered":"<p><strong><span style=\"color: #f2be1f;\">1.<\/span> <\/strong>Juhmeta \u00fchendus jalaga.<\/p>\n<p><strong><span style=\"color: #f2be1f;\">2.<\/span> <\/strong>Kontaktlaadimine toetab k\u00f5iki Micro USB ja Apple seadmeid.<\/p>\n<p><span style=\"color: #f2be1f;\"><strong>3.<\/strong> <\/span>\u2018Gold is Good\u2019 LED n\u00e4itab turvatud olekut.<\/p>\n<p><span style=\"color: #f2be1f;\"><strong>4.<\/strong><\/span> Toote alarm tagab, et varastatud seadet saab poest l\u00e4bi liikudes v\u00f5i sellest v\u00e4ljudes j\u00e4lgida.<\/p>\n<p><span style=\"color: #f2be1f;\"><strong>5.<\/strong><\/span> Alarm jalas tagab alarmi kuulmise, isegi kui varas \u00fcritab seda summutada.<\/p>\n<p><strong><span style=\"color: #f2be1f;\">6.<\/span> <\/strong>Mugav kasutada InVue IR3 v\u00f5tit seadmistamiseks ja raadiuse m\u00e4\u00e4ramiseks.<\/p>\n<ul style=\"list-style-type: square;\">\n<li>T\u00e4ielikult reguleeritav turvalisuse kaugus turvajalast.<\/li>\n<li>Eelalarm annab klientidele hoiatuse, kui l\u00e4henetakse lubamatule kaugusele.<\/li>\n<\/ul>","protected":false},"excerpt":{"rendered":"<p>Seeria 3000 tutvustab oma parimal viisil InVue uuendusi. Tegemist on esimese k\u00e4eshoitavale elektroonika seadmele m\u00f5eldud juhtmeta turvajalaga, mis v\u00f5imaldab teie klienditel kaupluses, eelseadistatud kauguses, \u00fclima kaubaelamuse.<\/p>\n<p>Uus seeria 3000 pakub jaem\u00fc\u00fcgikaupade turvalisust t\u00e4iesti juhtmevabalt, andes teie klientidele ostukogemuseks enneolematu vabaduse.<\/p>\n<p>Lisateave (eng),<span style=\"color: #00ccff;\"> <a style=\"color: #00ccff;\" href=\"https:\/\/invue.com\/wp-content\/uploads\/2018\/07\/Retail-Security-for-Phones-Wireless-Solution-S3000-070218.pdf\" target=\"_blank\" rel=\"noopener noreferrer\"><strong>siin!<\/strong><\/a><\/span><\/p>","protected":false},"featured_media":3487,"template":"","meta":{"om_disable_all_campaigns":false,"inline_featured_image":false},"product_cat":[202],"product_tag":[],"class_list":{"0":"post-10850","1":"product","2":"type-product","3":"status-publish","4":"has-post-thumbnail","6":"product_cat-what-has-been-done","9":"first","10":"instock","11":"taxable","12":"shipping-taxable","13":"purchasable","14":"product-type-simple"},"_links":{"self":[{"href":"https:\/\/laimincom.ee\/et\/wp-json\/wp\/v2\/product\/10850","targetHints":{"allow":["GET"]}}],"collection":[{"href":"https:\/\/laimincom.ee\/et\/wp-json\/wp\/v2\/product"}],"about":[{"href":"https:\/\/laimincom.ee\/et\/wp-json\/wp\/v2\/types\/product"}],"wp:featuredmedia":[{"embeddable":true,"href":"https:\/\/laimincom.ee\/et\/wp-json\/wp\/v2\/media\/3487"}],"wp:attachment":[{"href":"https:\/\/laimincom.ee\/et\/wp-json\/wp\/v2\/media?parent=10850"}],"wp:term":[{"taxonomy":"product_cat","embeddable":true,"href":"https:\/\/laimincom.ee\/et\/wp-json\/wp\/v2\/product_cat?post=10850"},{"taxonomy":"product_tag","embeddable":true,"href":"https:\/\/laimincom.ee\/et\/wp-json\/wp\/v2\/product_tag?post=10850"}],"curies":[{"name":"wp","href":"https:\/\/api.w.org\/{rel}","templated":true}]}}