{"id":10849,"date":"2023-01-25T12:22:59","date_gmt":"2023-01-25T12:22:59","guid":{"rendered":"https:\/\/laimincom.ee\/toode\/ne360\/"},"modified":"2023-02-02T14:46:50","modified_gmt":"2023-02-02T14:46:50","slug":"ne360","status":"publish","type":"product","link":"https:\/\/laimincom.ee\/et\/toode\/ne360\/","title":{"rendered":"NE360"},"content":{"rendered":"<div>\n<p><strong style=\"font-size: 12pt;\"><span style=\"color: #ff9900;\"><span style=\"color: #f2be1f;\">NE360C &#8211; <\/span><\/span><\/strong><span style=\"color: #ff9900;\"><span style=\"color: #000000;\">\u00a0mPOS Keskus<span style=\"font-size: 12pt;\"><img fetchpriority=\"high\" decoding=\"async\" class=\"size-medium wp-image-4456 alignright\" style=\"color: #333333;\" src=\"https:\/\/laimincom.ee\/wp-content\/uploads\/2020\/08\/NE36-mPOS-center-207x300.jpg\" alt=\"\" width=\"207\" height=\"300\" srcset=\"https:\/\/laimincom.ee\/wp-content\/uploads\/2020\/08\/NE36-mPOS-center-207x300.jpg 207w, https:\/\/laimincom.ee\/wp-content\/uploads\/2020\/08\/NE36-mPOS-center-400x580.jpg 400w, https:\/\/laimincom.ee\/wp-content\/uploads\/2020\/08\/NE36-mPOS-center.jpg 566w\" sizes=\"(max-width: 207px) 100vw, 207px\" \/><\/span><\/span><\/span><\/p>\n<\/div>\n<p><strong><span style=\"font-size: 10pt;\">Mugav disain<\/span><\/strong><\/p>\n<ul>\n<li><span style=\"font-size: 10pt;\">Toetab k\u00f5iki pihuarvuteid, tahvelarvuteid ja makseseadmeid<\/span><\/li>\n<li><span style=\"font-size: 10pt;\">Kallutamis- ja p\u00f6\u00f6ramisv\u00f5imalused klientidega paremaks suhtlemiseks ja lukustamise v\u00f5imalused turvalisuse suurendamiseks<\/span><\/li>\n<li><span style=\"font-size: 10pt;\">K\u00f5ik kaablid saab mugavalt hallata ja suunata kenasti laua alla v\u00f5i leti kohale\n<p><\/span><\/li>\n<li><span style=\"font-size: 10pt;\">Kaablihaldusfunktsioon \u00fchendab kaablid ja parandab kuvari esteetikat<\/span><\/li>\n<\/ul>\n<p><strong><span style=\"font-size: 10pt;\">V\u00e4ga mobiilne<\/span><\/strong><\/p>\n<ul>\n<li><span style=\"font-size: 10pt;\">Lihtne eemaldada\/t\u00f5sta tahvelarvutit ja makseseadet<\/span><\/li>\n<li><span style=\"font-size: 10pt;\">Toetab USB \u00fchendusi \u00fchilduvate seadmete vahel<\/span><\/li>\n<li><span style=\"font-size: 10pt;\">Nutikad laadija LED-indikaatorid tagavad seadme kasutamiseks valmisoleku<\/span><\/li>\n<\/ul>\n<p><span style=\"font-size: 12pt;\"><strong><span style=\"color: #ff9900;\"><span style=\"color: #f2be1f;\">NE360C &#8211; <\/span><\/span><\/strong><span style=\"color: #ff9900;\"><span style=\"color: #000000;\">\u00a0<\/span><\/span><\/span>Makse \"pesad\"<\/p>\n<p><strong><span style=\"font-size: 10pt;\">Mugav disain<\/span><\/strong><\/p>\n<ul>\n<li><span style=\"font-size: 10pt;\">V\u00f5imalus \u00fchendada hoidik sobiva laadimis- \/ USB-andmekaabli abil<\/span><\/li>\n<li><span style=\"font-size: 10pt;\">V\u00f5ib kinnitada leti v\u00f5i seina k\u00fclge valikulise fikseeritava klambri abil<\/span><\/li>\n<li><span style=\"font-size: 10pt;\">Kaabel \u00fchendatakse mPOS-i keskse p\u00f6\u00f6rdjala v\u00f5i jaoturiga ja see v\u00f5tab enda alla \u00fche USB-pordi<\/span><\/li>\n<\/ul>\n<p><strong><span style=\"font-size: 10pt;\">V\u00e4ga mobiilne<\/span><\/strong><\/p>\n<ul>\n<li><span style=\"font-size: 10pt;\">Eemaldage ja kasutage juhtmevabalt vastavalt vajadusele<\/span><\/li>\n<li><span style=\"font-size: 10pt;\">V\u00f5imalus lukustada aluse k\u00fclge<\/span><\/li>\n<li><span style=\"font-size: 10pt;\">Toetab USB \u00fchendusi \u00fchilduvate seadmete vahel<\/span><\/li>\n<li><span style=\"font-size: 10pt;\">Nutikad laadija LED-indikaatorid tagavad seadme kasutamiseks valmisoleku<\/span><\/li>\n<\/ul>\n<p>&nbsp;<\/p>\n<p><span style=\"font-size: 12pt;\"><span style=\"color: #f2be1f;\"><strong>NE360H \/ T<\/strong><\/span><span style=\"color: #000000;\">- Pihuarvuti &amp; Tahvelarvuti lahendused<\/span><strong><span style=\"color: #ff9900;\"><\/p>\n<p><\/span><\/strong><\/span><\/p>\n<p><img decoding=\"async\" class=\"size-medium wp-image-4455 alignright\" src=\"https:\/\/laimincom.ee\/wp-content\/uploads\/2020\/08\/NE360table_handheld-218x300.jpg\" alt=\"\" width=\"218\" height=\"300\" srcset=\"https:\/\/laimincom.ee\/wp-content\/uploads\/2020\/08\/NE360table_handheld-218x300.jpg 218w, https:\/\/laimincom.ee\/wp-content\/uploads\/2020\/08\/NE360table_handheld-400x551.jpg 400w, https:\/\/laimincom.ee\/wp-content\/uploads\/2020\/08\/NE360table_handheld.jpg 570w\" sizes=\"(max-width: 218px) 100vw, 218px\" \/><\/p>\n<p><strong><span style=\"font-size: 10pt;\">Mugav disain<\/span><\/strong><\/p>\n<ul>\n<li><span style=\"font-size: 10pt;\">Toetab k\u00f5iki pihuarvuteid, tahvelarvuteid ja makseseadmeid<\/span><\/li>\n<li><span style=\"font-size: 10pt;\">Pehme \u00fcmbris ja 1,2m kukkumiskindlus<\/span><\/li>\n<li><span style=\"font-size: 10pt;\">Lihtne paigaldada seadmed kaitsekaantesse, lukustuse v\u00f5imalus.<\/span><\/li>\n<\/ul>\n<p><strong><span style=\"font-size: 10pt;\">V\u00e4ga mobiilne<\/span><\/strong><\/p>\n<ul>\n<li><span style=\"font-size: 10pt;\">Toetab USB \u00fchendusi \u00fchilduvate seadmete vahel<\/span><\/li>\n<li><span style=\"font-size: 10pt;\">Nutikad laadija LED-indikaatorid tagavad seadme kasutamiseks valmisoleku<\/span><\/li>\n<\/ul>\n<p>&nbsp;<\/p>\n<p>&nbsp;<\/p>\n<p>&nbsp;<\/p>\n<p>&nbsp;<\/p>\n<p><iframe title=\"NE360 mPOS System\" width=\"640\" height=\"360\" src=\"https:\/\/www.youtube.com\/embed\/p2oG4yHTYOc?feature=oembed\" frameborder=\"0\" allow=\"accelerometer; autoplay; clipboard-write; encrypted-media; gyroscope; picture-in-picture; web-share\" referrerpolicy=\"strict-origin-when-cross-origin\" allowfullscreen><\/iframe><\/p>","protected":false},"excerpt":{"rendered":"<p><strong>Mobiilne maksete s\u00fcsteem (mPOS)<\/strong><\/p>\n<p>Ainulaadne lahendus, mis t\u00f6\u00f6tab just seal, kus Sul on seda k\u00f5ige rohkem vaja.<\/p>\n<div>NE360 seeria pakub kahte erinevat t\u00fc\u00fcpi lahendust:<\/div>\n<div>\n<ol>\n<li><strong>NE360H\/T<\/strong> pakub jaem\u00fc\u00fcjale mobiilset makselahendust, kasutades tahvelarvutit v\u00f5i telefoni koos makseseadmega.<\/li>\n<li><strong>NE360C<\/strong> pakub jaem\u00fc\u00fcjale fikseeritumat m\u00fc\u00fcgikohta, kus on v\u00f5imalus mobiilsele \u00fcle minna (nii tahvelarvuti kui ka makseseadme dokkimine)<\/li>\n<\/ol>\n<p>Lisateave (eng), <a href=\"https:\/\/invue.com\/wp-content\/uploads\/2020\/01\/NE360-ss-011020.pdf\" target=\"_blank\" rel=\"noopener noreferrer\"><span style=\"font-size: 12pt;\"><span style=\"color: #f2be1f;\"><strong>siin!<\/strong><\/span><\/span><\/a><\/p>\n<\/div>","protected":false},"featured_media":3413,"template":"","meta":{"om_disable_all_campaigns":false,"inline_featured_image":false},"product_cat":[222],"product_tag":[],"class_list":{"0":"post-10849","1":"product","2":"type-product","3":"status-publish","4":"has-post-thumbnail","6":"product_cat-point-of-sale","9":"first","10":"instock","11":"taxable","12":"shipping-taxable","13":"purchasable","14":"product-type-simple"},"_links":{"self":[{"href":"https:\/\/laimincom.ee\/et\/wp-json\/wp\/v2\/product\/10849","targetHints":{"allow":["GET"]}}],"collection":[{"href":"https:\/\/laimincom.ee\/et\/wp-json\/wp\/v2\/product"}],"about":[{"href":"https:\/\/laimincom.ee\/et\/wp-json\/wp\/v2\/types\/product"}],"wp:featuredmedia":[{"embeddable":true,"href":"https:\/\/laimincom.ee\/et\/wp-json\/wp\/v2\/media\/3413"}],"wp:attachment":[{"href":"https:\/\/laimincom.ee\/et\/wp-json\/wp\/v2\/media?parent=10849"}],"wp:term":[{"taxonomy":"product_cat","embeddable":true,"href":"https:\/\/laimincom.ee\/et\/wp-json\/wp\/v2\/product_cat?post=10849"},{"taxonomy":"product_tag","embeddable":true,"href":"https:\/\/laimincom.ee\/et\/wp-json\/wp\/v2\/product_tag?post=10849"}],"curies":[{"name":"wp","href":"https:\/\/api.w.org\/{rel}","templated":true}]}}