{"id":10846,"date":"2023-01-25T12:22:58","date_gmt":"2023-01-25T12:22:58","guid":{"rendered":"https:\/\/laimincom.ee\/toode\/lock-l440\/"},"modified":"2024-04-22T11:15:03","modified_gmt":"2024-04-22T11:15:03","slug":"lock-l440","status":"publish","type":"product","link":"https:\/\/laimincom.ee\/et\/toode\/lock-l440\/","title":{"rendered":"L440 Lock Self-locking protection for any glass swing out doors"},"content":{"rendered":"<p>IR3- v\u00f5ti avab lukustuse ja lukustamiseks pole vaja \u00fchtegi muud v\u00f5tit \u2013 lihtsalt sulgege uks ja tooted on kaitstud. V\u00f5imalik sujuvalt kinnitada uue v\u00f5i olemasoleva m\u00f6\u00f6bli k\u00fclge. \u00dche lukuga on v\u00f5imalik kaitsta kahte (k\u00f5rvuti) ust. Sobib 4,8 mm \u2013 8 mm paksustele klaasustele. Ei vaja eraldi toidet. Saab kasutada kapi \u00fcla- v\u00f5i alaosas.<\/p>\n<p><iframe title=\"InVue L440 Smart Lock\" width=\"640\" height=\"360\" src=\"https:\/\/www.youtube.com\/embed\/sK9fK1SP9f0?feature=oembed\" frameborder=\"0\" allow=\"accelerometer; autoplay; clipboard-write; encrypted-media; gyroscope; picture-in-picture; web-share\" referrerpolicy=\"strict-origin-when-cross-origin\" allowfullscreen><\/iframe><\/p>","protected":false},"excerpt":{"rendered":"<p>Kroomitud viimistlusega turvalukk  L440- iselukustuv kaitse. Spetsiaalselt kujundatud klaasustega kappidele, mis avanevad v\u00e4ljapoole, tagades kapi lukustuse suletud korral.  L440 sobib h\u00e4sti kaitsmaks hinnalisi tooteid (juveele, elektroonikat, telefone, arvuteid, parf\u00fc\u00fcme jpt).<\/p>\n<p>Lisateave (eng),<span style=\"color: #00ccff;\"> <a style=\"color: #00ccff;\" href=\"https:\/\/invue.com\/wp-content\/uploads\/2018\/06\/Retail-Security-for-Merchandise-in-Glass-Cabinets-L440-062918.pdf\" target=\"_blank\" rel=\"noopener noreferrer\"><strong>siin!<\/strong><\/a><\/span><\/p>","protected":false},"featured_media":3262,"template":"","meta":{"om_disable_all_campaigns":false,"inline_featured_image":false},"product_cat":[699],"product_tag":[],"class_list":{"0":"post-10846","1":"product","2":"type-product","3":"status-publish","4":"has-post-thumbnail","6":"product_cat-l400-series-locks","9":"first","10":"instock","11":"taxable","12":"shipping-taxable","13":"purchasable","14":"product-type-simple"},"_links":{"self":[{"href":"https:\/\/laimincom.ee\/et\/wp-json\/wp\/v2\/product\/10846","targetHints":{"allow":["GET"]}}],"collection":[{"href":"https:\/\/laimincom.ee\/et\/wp-json\/wp\/v2\/product"}],"about":[{"href":"https:\/\/laimincom.ee\/et\/wp-json\/wp\/v2\/types\/product"}],"wp:featuredmedia":[{"embeddable":true,"href":"https:\/\/laimincom.ee\/et\/wp-json\/wp\/v2\/media\/3262"}],"wp:attachment":[{"href":"https:\/\/laimincom.ee\/et\/wp-json\/wp\/v2\/media?parent=10846"}],"wp:term":[{"taxonomy":"product_cat","embeddable":true,"href":"https:\/\/laimincom.ee\/et\/wp-json\/wp\/v2\/product_cat?post=10846"},{"taxonomy":"product_tag","embeddable":true,"href":"https:\/\/laimincom.ee\/et\/wp-json\/wp\/v2\/product_tag?post=10846"}],"curies":[{"name":"wp","href":"https:\/\/api.w.org\/{rel}","templated":true}]}}