{"id":10845,"date":"2023-01-25T12:22:58","date_gmt":"2023-01-25T12:22:58","guid":{"rendered":"https:\/\/laimincom.ee\/toode\/w2000\/"},"modified":"2023-02-02T14:46:50","modified_gmt":"2023-02-02T14:46:50","slug":"w2000","status":"publish","type":"product","link":"https:\/\/laimincom.ee\/et\/toode\/w2000\/","title":{"rendered":"W2000"},"content":{"rendered":"<ul>\n<li>Integreeritud alarm v\u00e4listab vajaduse eraldi h\u00e4ireseadme j\u00e4rele.<\/li>\n<li>Nii hoidiku kui ka rihma klambri magnetid fikseerivad korrektse paigutuse.<\/li>\n<li>Libisemisvastane padi tagab seadme stabiilsuse.<\/li>\n<li>Toode on laetud ja alarmi all, kuid samal ajal saab klient toodet proovida ilma teenindajata.<\/li>\n<li>Tagasit\u00f5mbejuhe (recoiler) v\u00e4ljub jaluse \u00fclaosast parema kliendikogemuse saamiseks.<\/li>\n<\/ul>","protected":false},"excerpt":{"rendered":"<p>W2000 on osa eksklusiivsest InVue \u00fche v\u00f5tme s\u00fcsteemist, st kogu kaupluse \u00fche v\u00f5tme lahendusest, mis parandab klienditeenindust, suurendab m\u00fc\u00fcki ja pakub k\u00f5rget varguskaitset.<\/p>\n<ul>\n<li>Laua peale kinnitatav lahendus koos integreeritud alarmi, tagasit\u00f5mbejuhtme (recoiler) ja kellarihmaklambriga pakub erakordset kliendikogemust.<\/li>\n<li>Integreeritud Apple'i laadimine ja OEM-i laadimine on saadaval.<\/li>\n<\/ul>\n<p>Lisateave (eng),<span style=\"color: #00ccff;\"> <a style=\"color: #00ccff;\" href=\"https:\/\/invue.com\/wp-content\/uploads\/2019\/08\/WearablesSolutions-SS-08.06.19.pdf\" target=\"_blank\" rel=\"noopener noreferrer\"><strong>siin!<\/strong><\/a><\/span><\/p>","protected":false},"featured_media":3236,"template":"","meta":{"om_disable_all_campaigns":false,"inline_featured_image":false},"product_cat":[202],"product_tag":[],"class_list":{"0":"post-10845","1":"product","2":"type-product","3":"status-publish","4":"has-post-thumbnail","6":"product_cat-what-has-been-done","9":"first","10":"instock","11":"taxable","12":"shipping-taxable","13":"purchasable","14":"product-type-simple"},"_links":{"self":[{"href":"https:\/\/laimincom.ee\/et\/wp-json\/wp\/v2\/product\/10845","targetHints":{"allow":["GET"]}}],"collection":[{"href":"https:\/\/laimincom.ee\/et\/wp-json\/wp\/v2\/product"}],"about":[{"href":"https:\/\/laimincom.ee\/et\/wp-json\/wp\/v2\/types\/product"}],"wp:featuredmedia":[{"embeddable":true,"href":"https:\/\/laimincom.ee\/et\/wp-json\/wp\/v2\/media\/3236"}],"wp:attachment":[{"href":"https:\/\/laimincom.ee\/et\/wp-json\/wp\/v2\/media?parent=10845"}],"wp:term":[{"taxonomy":"product_cat","embeddable":true,"href":"https:\/\/laimincom.ee\/et\/wp-json\/wp\/v2\/product_cat?post=10845"},{"taxonomy":"product_tag","embeddable":true,"href":"https:\/\/laimincom.ee\/et\/wp-json\/wp\/v2\/product_tag?post=10845"}],"curies":[{"name":"wp","href":"https:\/\/api.w.org\/{rel}","templated":true}]}}