{"id":10838,"date":"2023-01-25T12:22:57","date_gmt":"2023-01-25T12:22:57","guid":{"rendered":"https:\/\/laimincom.ee\/toode\/frameless-holder-for-tube\/"},"modified":"2023-02-02T14:46:20","modified_gmt":"2023-02-02T14:46:20","slug":"frameless-holder-for-tube","status":"publish","type":"product","link":"https:\/\/laimincom.ee\/et\/toode\/frameless-holder-for-tube\/","title":{"rendered":"Raamita infohoidik torule"},"content":{"rendered":"<p>Hoiab kuni A3-vormingus plakatit. Saab kasutada 9 ja 12 mm l\u00e4bim\u00f5\u00f5duga torudega.<\/p>\n<p>M\u00f5\u00f5dud: laius 90 mm, k\u00f5rgus 38 mm.<\/p>","protected":false},"excerpt":{"rendered":"<p>Universaalne plakatihoidja. Hoiab plakateid paksusega 0,2 kuni 3 mm.<\/p>","protected":false},"featured_media":3029,"template":"","meta":{"om_disable_all_campaigns":false,"inline_featured_image":false},"product_cat":[63],"product_tag":[],"class_list":{"0":"post-10838","1":"product","2":"type-product","3":"status-publish","4":"has-post-thumbnail","6":"product_cat-accessories","9":"first","10":"instock","11":"taxable","12":"shipping-taxable","13":"purchasable","14":"product-type-simple"},"_links":{"self":[{"href":"https:\/\/laimincom.ee\/et\/wp-json\/wp\/v2\/product\/10838","targetHints":{"allow":["GET"]}}],"collection":[{"href":"https:\/\/laimincom.ee\/et\/wp-json\/wp\/v2\/product"}],"about":[{"href":"https:\/\/laimincom.ee\/et\/wp-json\/wp\/v2\/types\/product"}],"wp:featuredmedia":[{"embeddable":true,"href":"https:\/\/laimincom.ee\/et\/wp-json\/wp\/v2\/media\/3029"}],"wp:attachment":[{"href":"https:\/\/laimincom.ee\/et\/wp-json\/wp\/v2\/media?parent=10838"}],"wp:term":[{"taxonomy":"product_cat","embeddable":true,"href":"https:\/\/laimincom.ee\/et\/wp-json\/wp\/v2\/product_cat?post=10838"},{"taxonomy":"product_tag","embeddable":true,"href":"https:\/\/laimincom.ee\/et\/wp-json\/wp\/v2\/product_tag?post=10838"}],"curies":[{"name":"wp","href":"https:\/\/api.w.org\/{rel}","templated":true}]}}