{"id":10833,"date":"2023-01-25T12:22:57","date_gmt":"2023-01-25T12:22:57","guid":{"rendered":"https:\/\/laimincom.ee\/?post_type=product&#038;p=10833"},"modified":"2025-11-25T08:16:01","modified_gmt":"2025-11-25T08:16:01","slug":"ir-2-programming-station","status":"publish","type":"product","link":"https:\/\/laimincom.ee\/et\/toode\/ir-2-programming-station\/","title":{"rendered":"IR-2 Programmeerimisjaam"},"content":{"rendered":"<p>N\u00d5UTAVAD T\u00c4IENDAVAD TOOTED<\/p>\n<p>\u203a AK4400 IR3 v\u00f5ti<\/p>\n<p>\u203a 5.3 Volt IR-2 programmeerimisjaama toitejuhe<\/p>","protected":false},"excerpt":{"rendered":"<p>Programmeerib IR2 ja IR3 v\u00f5tme kordumatu koodiga. Tagab aktiveerimise 12 tunniks. Piiramatu arvu IR-v\u00f5tmeid saab s\u00fcnkroonida \u00fche programmeerimisjaamaga.<\/p>","protected":false},"featured_media":3310,"template":"","meta":{"om_disable_all_campaigns":false,"inline_featured_image":false},"product_cat":[197],"product_tag":[],"class_list":{"0":"post-10833","1":"product","2":"type-product","3":"status-publish","4":"has-post-thumbnail","6":"product_cat-onekey","9":"first","10":"instock","11":"taxable","12":"shipping-taxable","13":"purchasable","14":"product-type-simple"},"_links":{"self":[{"href":"https:\/\/laimincom.ee\/et\/wp-json\/wp\/v2\/product\/10833","targetHints":{"allow":["GET"]}}],"collection":[{"href":"https:\/\/laimincom.ee\/et\/wp-json\/wp\/v2\/product"}],"about":[{"href":"https:\/\/laimincom.ee\/et\/wp-json\/wp\/v2\/types\/product"}],"wp:featuredmedia":[{"embeddable":true,"href":"https:\/\/laimincom.ee\/et\/wp-json\/wp\/v2\/media\/3310"}],"wp:attachment":[{"href":"https:\/\/laimincom.ee\/et\/wp-json\/wp\/v2\/media?parent=10833"}],"wp:term":[{"taxonomy":"product_cat","embeddable":true,"href":"https:\/\/laimincom.ee\/et\/wp-json\/wp\/v2\/product_cat?post=10833"},{"taxonomy":"product_tag","embeddable":true,"href":"https:\/\/laimincom.ee\/et\/wp-json\/wp\/v2\/product_tag?post=10833"}],"curies":[{"name":"wp","href":"https:\/\/api.w.org\/{rel}","templated":true}]}}