{"id":10823,"date":"2023-01-25T12:22:55","date_gmt":"2023-01-25T12:22:55","guid":{"rendered":"https:\/\/laimincom.ee\/toode\/mounting-strip-model-001\/"},"modified":"2024-01-18T08:41:27","modified_gmt":"2024-01-18T08:41:27","slug":"mounting-strip-model-001","status":"publish","type":"product","link":"https:\/\/laimincom.ee\/et\/toode\/mounting-strip-model-001\/","title":{"rendered":"Kinnitusriba, mudel 001 4*100cm"},"content":{"rendered":"","protected":false},"excerpt":{"rendered":"<p>Valgest l\u00e4ikivast plastikust kinnitusriba sobib h\u00e4sti toodete riputamiseks. Konksude arv: 12. Konksude m\u00f5\u00f5dud: 2,3 x 3,3 cm (h). Konksude vaheline kaugus: 4,6 cm. Toote m\u00f5\u00f5dud: 4 x 100 cm.<\/p>","protected":false},"featured_media":1779,"template":"","meta":{"om_disable_all_campaigns":false,"inline_featured_image":false},"product_cat":[49],"product_tag":[],"class_list":{"0":"post-10823","1":"product","2":"type-product","3":"status-publish","4":"has-post-thumbnail","6":"product_cat-hanging-accessories","9":"first","10":"onbackorder","11":"taxable","12":"shipping-taxable","13":"purchasable","14":"product-type-simple"},"_links":{"self":[{"href":"https:\/\/laimincom.ee\/et\/wp-json\/wp\/v2\/product\/10823","targetHints":{"allow":["GET"]}}],"collection":[{"href":"https:\/\/laimincom.ee\/et\/wp-json\/wp\/v2\/product"}],"about":[{"href":"https:\/\/laimincom.ee\/et\/wp-json\/wp\/v2\/types\/product"}],"wp:featuredmedia":[{"embeddable":true,"href":"https:\/\/laimincom.ee\/et\/wp-json\/wp\/v2\/media\/1779"}],"wp:attachment":[{"href":"https:\/\/laimincom.ee\/et\/wp-json\/wp\/v2\/media?parent=10823"}],"wp:term":[{"taxonomy":"product_cat","embeddable":true,"href":"https:\/\/laimincom.ee\/et\/wp-json\/wp\/v2\/product_cat?post=10823"},{"taxonomy":"product_tag","embeddable":true,"href":"https:\/\/laimincom.ee\/et\/wp-json\/wp\/v2\/product_tag?post=10823"}],"curies":[{"name":"wp","href":"https:\/\/api.w.org\/{rel}","templated":true}]}}