{"id":10812,"date":"2023-01-25T12:22:54","date_gmt":"2023-01-25T12:22:54","guid":{"rendered":"https:\/\/laimincom.ee\/toode\/shop-display-with-3-buckets\/"},"modified":"2024-01-18T08:37:21","modified_gmt":"2024-01-18T08:37:21","slug":"shop-display-with-3-buckets","status":"publish","type":"product","link":"https:\/\/laimincom.ee\/et\/toode\/shop-display-with-3-buckets\/","title":{"rendered":"M\u00fc\u00fcgistend, 3 pangega"},"content":{"rendered":"<p>Paigaldamiseks ei ole t\u00f6\u00f6riistu vaja.<\/p>","protected":false},"excerpt":{"rendered":"<p>Valmistatud 25 mm terastorudest, kaetud RAL 9005 (h\u00f5be) v\u00e4rviga. Kompletis kolm pange ja neli ratast. \nK\u00f5rgus 100 cm, laius 39 cm, s\u00fcgavus 70 cm.<\/p>\n<p>Sobib h\u00e4sti lillede presenteerimiseks.<\/p>","protected":false},"featured_media":1687,"template":"","meta":{"om_disable_all_campaigns":false,"inline_featured_image":false},"product_cat":[160],"product_tag":[],"class_list":{"0":"post-10812","1":"product","2":"type-product","3":"status-publish","4":"has-post-thumbnail","6":"product_cat-other-metal-products","9":"first","10":"onbackorder","11":"taxable","12":"shipping-taxable","13":"purchasable","14":"product-type-simple"},"_links":{"self":[{"href":"https:\/\/laimincom.ee\/et\/wp-json\/wp\/v2\/product\/10812","targetHints":{"allow":["GET"]}}],"collection":[{"href":"https:\/\/laimincom.ee\/et\/wp-json\/wp\/v2\/product"}],"about":[{"href":"https:\/\/laimincom.ee\/et\/wp-json\/wp\/v2\/types\/product"}],"wp:featuredmedia":[{"embeddable":true,"href":"https:\/\/laimincom.ee\/et\/wp-json\/wp\/v2\/media\/1687"}],"wp:attachment":[{"href":"https:\/\/laimincom.ee\/et\/wp-json\/wp\/v2\/media?parent=10812"}],"wp:term":[{"taxonomy":"product_cat","embeddable":true,"href":"https:\/\/laimincom.ee\/et\/wp-json\/wp\/v2\/product_cat?post=10812"},{"taxonomy":"product_tag","embeddable":true,"href":"https:\/\/laimincom.ee\/et\/wp-json\/wp\/v2\/product_tag?post=10812"}],"curies":[{"name":"wp","href":"https:\/\/api.w.org\/{rel}","templated":true}]}}